{"id":126,"date":"2020-07-04T08:19:28","date_gmt":"2020-07-04T08:19:28","guid":{"rendered":"https:\/\/geometriasjurid.webs.upv.es\/?page_id=126"},"modified":"2024-05-06T07:04:40","modified_gmt":"2024-05-06T07:04:40","slug":"diploma-especializacion-geometrias-juridicas","status":"publish","type":"page","link":"https:\/\/geometriasjurid.webs.upv.es\/index.php\/diploma-especializacion-geometrias-juridicas\/","title":{"rendered":"DIPLOMA DE ESPECIALIZACI\u00d3N EN GEOMETR\u00cdAS JUR\u00cdDICAS"},"content":{"rendered":"\n<p><strong><a href=\"https:\/\/www.cfp.upv.es\/formacion-permanente\/curso\/diploma-especializacion-geometrias-juridicas_97724.html\" target=\"_blank\" rel=\"noreferrer noopener\">Diploma de Especializaci\u00f3n en Geometr\u00edas Jur\u00eddicas<\/a><\/strong> cuenta con 37 ECTS.<\/p>\n\n\n\n<p>Para la obtenci\u00f3n del <strong>Diploma de Especializaci\u00f3n en Geometr\u00edas Jur\u00eddicas<\/strong> ser\u00e1 necesario cursar y superar el m\u00f3dulo II y el m\u00f3dulo III.<\/p>\n\n\n\n<h3 class=\"wp-block-heading\">M\u00f3dulo II: Diploma de Experto en Derecho Inmobiliario y Urban\u00edstico aplicado a las Geometr\u00edas Jur\u00eddicas (19 ECTS)<\/h3>\n\n\n\n<blockquote class=\"wp-block-quote is-layout-flow wp-block-quote-is-layout-flow\">\n<p><a href=\"https:\/\/geometriasjurid.webs.upv.es\/index.php\/asignatura-derechos-reales\/\">Derechos reales<\/a> (5 ECTS)<\/p>\n\n\n\n<p><a href=\"https:\/\/geometriasjurid.webs.upv.es\/index.php\/derecho-inmobiliario-registral\/\">Derecho inmobiliario registral<\/a> (3 ECTS)<\/p>\n\n\n\n<p><a href=\"https:\/\/geometriasjurid.webs.upv.es\/index.php\/derecho-urbanistico\/\">Derecho Urban\u00edstico<\/a> (3 ECTS)<\/p>\n\n\n\n<p><a href=\"https:\/\/geometriasjurid.webs.upv.es\/index.php\/procedimientos-registrales-catastrales\/\">Procedimientos registrales y catastrales<\/a> (3 ECTS)<\/p>\n\n\n\n<p><a href=\"https:\/\/geometriasjurid.webs.upv.es\/index.php\/valoracion-inmobiliaria\/\">Valoraci\u00f3n inmobiliaria<\/a> (2 ECTS)<\/p>\n\n\n\n<p><a href=\"https:\/\/geometriasjurid.webs.upv.es\/index.php\/derecho-urbanistico\/\"><\/a><a href=\"https:\/\/geometriasjurid.webs.upv.es\/index.php\/urbanismo-aplicado\/\">Urbanismo aplicado<\/a> (3 ECTS)<\/p>\n<\/blockquote>\n\n\n\n<h3 class=\"wp-block-heading\">M\u00f3dulo III: Diploma de Experto en aplicaciones profesionales de las Geometr\u00edas Jur\u00eddicas (18 ECTS)<\/h3>\n\n\n\n<blockquote class=\"wp-block-quote is-layout-flow wp-block-quote-is-layout-flow\">\n<p><a href=\"https:\/\/geometriasjurid.webs.upv.es\/index.php\/asignatura-derecho-administrativo-i\/\"><\/a><\/p>\n\n\n\n<p><a href=\"https:\/\/geometriasjurid.webs.upv.es\/index.php\/asignatura-derecho-administrativo-i\/\">Derecho administrativo I<\/a> (3 ECTS) <\/p>\n\n\n\n<p><a href=\"https:\/\/geometriasjurid.webs.upv.es\/index.php\/asignatura-derecho-administrativo-ii\/\">Derecho administrativo II<\/a> (3 ECTS)<\/p>\n\n\n\n<p><a href=\"https:\/\/geometriasjurid.webs.upv.es\/index.php\/asignatura-resolucion-alternativa-conflictos\/\">ADR &#8211; Resoluci\u00f3n Alternativa Conflictos<\/a> (3 ECTS)<\/p>\n\n\n\n<p><a href=\"https:\/\/geometriasjurid.webs.upv.es\/index.php\/fundamentos-profesionales\/\">Fundamentos profesionales<\/a> (2 ECTS)<\/p>\n\n\n\n<p><a href=\"https:\/\/geometriasjurid.webs.upv.es\/index.php\/asignatura-derecho-administrativo-ii\/\"><\/a><a href=\"https:\/\/geometriasjurid.webs.upv.es\/index.php\/introduccion-administracion-empresa\/\">Introducci\u00f3n Administraci\u00f3n de Empresas<\/a> (3 ECTS)<\/p>\n\n\n\n<p><a href=\"https:\/\/geometriasjurid.webs.upv.es\/index.php\/asignatura-derechos-reales\/\"><\/a><\/p>\n\n\n\n<p><a href=\"https:\/\/geometriasjurid.webs.upv.es\/index.php\/asignatura-resolucion-alternativa-conflictos\/\"><\/a><a href=\"https:\/\/geometriasjurid.webs.upv.es\/index.php\/lineas-limite-jurisdiccionales\/\">L\u00edneas l\u00edmite jurisdiccionales<\/a> (2 ECTS)<\/p>\n\n\n\n<p><a href=\"https:\/\/geometriasjurid.webs.upv.es\/index.php\/derecho-inmobiliario-registral\/\"><\/a><\/p>\n\n\n\n<p><a href=\"https:\/\/geometriasjurid.webs.upv.es\/index.php\/actividad-pericial\/\">Actividad pericial<\/a> (2 ECTS)<\/p>\n<\/blockquote>\n\n\n\n<div class=\"wp-block-group\"><div class=\"wp-block-group__inner-container is-layout-flow wp-block-group-is-layout-flow\"><\/div><\/div>\n\n\n\n<p><\/p>\n","protected":false},"excerpt":{"rendered":"<p>Diploma de Especializaci\u00f3n en Geometr\u00edas Jur\u00eddicas cuenta con 37 ECTS. Para la obtenci\u00f3n del Diploma de Especializaci\u00f3n en Geometr\u00edas Jur\u00eddicas ser\u00e1 necesario cursar y superar el m\u00f3dulo II y el m\u00f3dulo III. M\u00f3dulo II: Diploma de Experto en Derecho Inmobiliario y Urban\u00edstico aplicado a las Geometr\u00edas Jur\u00eddicas (19 ECTS) Derechos reales (5 ECTS) Derecho inmobiliario &hellip; <a href=\"https:\/\/geometriasjurid.webs.upv.es\/index.php\/diploma-especializacion-geometrias-juridicas\/\" class=\"more-link\">Continuar leyendo<span class=\"screen-reader-text\"> \u00abDIPLOMA DE ESPECIALIZACI\u00d3N EN GEOMETR\u00cdAS JUR\u00cdDICAS\u00bb<\/span><\/a><\/p>\n","protected":false},"author":1,"featured_media":0,"parent":0,"menu_order":0,"comment_status":"closed","ping_status":"closed","template":"","meta":{"footnotes":""},"class_list":["post-126","page","type-page","status-publish","hentry"],"yoast_head":"<!-- This site is optimized with the Yoast SEO plugin v27.4 - https:\/\/yoast.com\/product\/yoast-seo-wordpress\/ -->\n<title>DIPLOMA DE ESPECIALIZACI\u00d3N EN GEOMETR\u00cdAS JUR\u00cdDICAS M\u00e1ster en Geometr\u00edas Jur\u00eddicas<\/title>\n<meta name=\"description\" content=\"Para la obtenci\u00f3n del Diploma de Especializaci\u00f3n en Geometr\u00edas Jur\u00eddicas ser\u00e1 necesario cursar y superar el m\u00f3dulo I y el m\u00f3dulo III.\" \/>\n<meta name=\"robots\" content=\"index, follow, max-snippet:-1, max-image-preview:large, max-video-preview:-1\" \/>\n<link rel=\"canonical\" href=\"https:\/\/geometriasjurid.webs.upv.es\/index.php\/diploma-especializacion-geometrias-juridicas\/\" \/>\n<meta property=\"og:locale\" content=\"es_ES\" \/>\n<meta property=\"og:type\" content=\"article\" \/>\n<meta property=\"og:title\" content=\"DIPLOMA DE ESPECIALIZACI\u00d3N EN GEOMETR\u00cdAS JUR\u00cdDICAS M\u00e1ster en Geometr\u00edas Jur\u00eddicas\" \/>\n<meta property=\"og:description\" content=\"Para la obtenci\u00f3n del Diploma de Especializaci\u00f3n en Geometr\u00edas Jur\u00eddicas ser\u00e1 necesario cursar y superar el m\u00f3dulo I y el m\u00f3dulo III.\" \/>\n<meta property=\"og:url\" content=\"https:\/\/geometriasjurid.webs.upv.es\/index.php\/diploma-especializacion-geometrias-juridicas\/\" \/>\n<meta property=\"og:site_name\" content=\"M\u00e1ster en Geometr\u00edas Jur\u00eddicas\" \/>\n<meta property=\"article:modified_time\" content=\"2024-05-06T07:04:40+00:00\" \/>\n<meta name=\"twitter:card\" content=\"summary_large_image\" \/>\n<meta name=\"twitter:label1\" content=\"Tiempo de lectura\" \/>\n\t<meta name=\"twitter:data1\" content=\"1 minuto\" \/>\n<script type=\"application\/ld+json\" class=\"yoast-schema-graph\">{\"@context\":\"https:\\\/\\\/schema.org\",\"@graph\":[{\"@type\":\"WebPage\",\"@id\":\"https:\\\/\\\/geometriasjurid.webs.upv.es\\\/index.php\\\/diploma-especializacion-geometrias-juridicas\\\/\",\"url\":\"https:\\\/\\\/geometriasjurid.webs.upv.es\\\/index.php\\\/diploma-especializacion-geometrias-juridicas\\\/\",\"name\":\"DIPLOMA DE ESPECIALIZACI\u00d3N EN GEOMETR\u00cdAS JUR\u00cdDICAS M\u00e1ster en Geometr\u00edas Jur\u00eddicas\",\"isPartOf\":{\"@id\":\"https:\\\/\\\/geometriasjurid.webs.upv.es\\\/#website\"},\"datePublished\":\"2020-07-04T08:19:28+00:00\",\"dateModified\":\"2024-05-06T07:04:40+00:00\",\"description\":\"Para la obtenci\u00f3n del Diploma de Especializaci\u00f3n en Geometr\u00edas Jur\u00eddicas ser\u00e1 necesario cursar y superar el m\u00f3dulo I y el m\u00f3dulo III.\",\"breadcrumb\":{\"@id\":\"https:\\\/\\\/geometriasjurid.webs.upv.es\\\/index.php\\\/diploma-especializacion-geometrias-juridicas\\\/#breadcrumb\"},\"inLanguage\":\"es\",\"potentialAction\":[{\"@type\":\"ReadAction\",\"target\":[\"https:\\\/\\\/geometriasjurid.webs.upv.es\\\/index.php\\\/diploma-especializacion-geometrias-juridicas\\\/\"]}]},{\"@type\":\"BreadcrumbList\",\"@id\":\"https:\\\/\\\/geometriasjurid.webs.upv.es\\\/index.php\\\/diploma-especializacion-geometrias-juridicas\\\/#breadcrumb\",\"itemListElement\":[{\"@type\":\"ListItem\",\"position\":1,\"name\":\"Home\",\"item\":\"https:\\\/\\\/geometriasjurid.webs.upv.es\\\/\"},{\"@type\":\"ListItem\",\"position\":2,\"name\":\"DIPLOMA DE ESPECIALIZACI\u00d3N EN GEOMETR\u00cdAS JUR\u00cdDICAS\"}]},{\"@type\":\"WebSite\",\"@id\":\"https:\\\/\\\/geometriasjurid.webs.upv.es\\\/#website\",\"url\":\"https:\\\/\\\/geometriasjurid.webs.upv.es\\\/\",\"name\":\"M\u00e1ster en Geometr\u00edas Jur\u00eddicas\",\"description\":\"Delimitaci\u00f3n precisa de la propiedad inmobiliaria\",\"publisher\":{\"@id\":\"https:\\\/\\\/geometriasjurid.webs.upv.es\\\/#organization\"},\"potentialAction\":[{\"@type\":\"SearchAction\",\"target\":{\"@type\":\"EntryPoint\",\"urlTemplate\":\"https:\\\/\\\/geometriasjurid.webs.upv.es\\\/?s={search_term_string}\"},\"query-input\":{\"@type\":\"PropertyValueSpecification\",\"valueRequired\":true,\"valueName\":\"search_term_string\"}}],\"inLanguage\":\"es\"},{\"@type\":\"Organization\",\"@id\":\"https:\\\/\\\/geometriasjurid.webs.upv.es\\\/#organization\",\"name\":\"M\u00e1ster en Geometr\u00edas Jur\u00eddicas\",\"url\":\"https:\\\/\\\/geometriasjurid.webs.upv.es\\\/\",\"logo\":{\"@type\":\"ImageObject\",\"inLanguage\":\"es\",\"@id\":\"https:\\\/\\\/geometriasjurid.webs.upv.es\\\/#\\\/schema\\\/logo\\\/image\\\/\",\"url\":\"https:\\\/\\\/geometriasjurid.webs.upv.es\\\/wp-content\\\/uploads\\\/2020\\\/07\\\/cropped-Logo-Favicon-1.jpg\",\"contentUrl\":\"https:\\\/\\\/geometriasjurid.webs.upv.es\\\/wp-content\\\/uploads\\\/2020\\\/07\\\/cropped-Logo-Favicon-1.jpg\",\"width\":240,\"height\":153,\"caption\":\"M\u00e1ster en Geometr\u00edas Jur\u00eddicas\"},\"image\":{\"@id\":\"https:\\\/\\\/geometriasjurid.webs.upv.es\\\/#\\\/schema\\\/logo\\\/image\\\/\"}}]}<\/script>\n<!-- \/ Yoast SEO plugin. -->","yoast_head_json":{"title":"DIPLOMA DE ESPECIALIZACI\u00d3N EN GEOMETR\u00cdAS JUR\u00cdDICAS M\u00e1ster en Geometr\u00edas Jur\u00eddicas","description":"Para la obtenci\u00f3n del Diploma de Especializaci\u00f3n en Geometr\u00edas Jur\u00eddicas ser\u00e1 necesario cursar y superar el m\u00f3dulo I y el m\u00f3dulo III.","robots":{"index":"index","follow":"follow","max-snippet":"max-snippet:-1","max-image-preview":"max-image-preview:large","max-video-preview":"max-video-preview:-1"},"canonical":"https:\/\/geometriasjurid.webs.upv.es\/index.php\/diploma-especializacion-geometrias-juridicas\/","og_locale":"es_ES","og_type":"article","og_title":"DIPLOMA DE ESPECIALIZACI\u00d3N EN GEOMETR\u00cdAS JUR\u00cdDICAS M\u00e1ster en Geometr\u00edas Jur\u00eddicas","og_description":"Para la obtenci\u00f3n del Diploma de Especializaci\u00f3n en Geometr\u00edas Jur\u00eddicas ser\u00e1 necesario cursar y superar el m\u00f3dulo I y el m\u00f3dulo III.","og_url":"https:\/\/geometriasjurid.webs.upv.es\/index.php\/diploma-especializacion-geometrias-juridicas\/","og_site_name":"M\u00e1ster en Geometr\u00edas Jur\u00eddicas","article_modified_time":"2024-05-06T07:04:40+00:00","twitter_card":"summary_large_image","twitter_misc":{"Tiempo de lectura":"1 minuto"},"schema":{"@context":"https:\/\/schema.org","@graph":[{"@type":"WebPage","@id":"https:\/\/geometriasjurid.webs.upv.es\/index.php\/diploma-especializacion-geometrias-juridicas\/","url":"https:\/\/geometriasjurid.webs.upv.es\/index.php\/diploma-especializacion-geometrias-juridicas\/","name":"DIPLOMA DE ESPECIALIZACI\u00d3N EN GEOMETR\u00cdAS JUR\u00cdDICAS M\u00e1ster en Geometr\u00edas Jur\u00eddicas","isPartOf":{"@id":"https:\/\/geometriasjurid.webs.upv.es\/#website"},"datePublished":"2020-07-04T08:19:28+00:00","dateModified":"2024-05-06T07:04:40+00:00","description":"Para la obtenci\u00f3n del Diploma de Especializaci\u00f3n en Geometr\u00edas Jur\u00eddicas ser\u00e1 necesario cursar y superar el m\u00f3dulo I y el m\u00f3dulo III.","breadcrumb":{"@id":"https:\/\/geometriasjurid.webs.upv.es\/index.php\/diploma-especializacion-geometrias-juridicas\/#breadcrumb"},"inLanguage":"es","potentialAction":[{"@type":"ReadAction","target":["https:\/\/geometriasjurid.webs.upv.es\/index.php\/diploma-especializacion-geometrias-juridicas\/"]}]},{"@type":"BreadcrumbList","@id":"https:\/\/geometriasjurid.webs.upv.es\/index.php\/diploma-especializacion-geometrias-juridicas\/#breadcrumb","itemListElement":[{"@type":"ListItem","position":1,"name":"Home","item":"https:\/\/geometriasjurid.webs.upv.es\/"},{"@type":"ListItem","position":2,"name":"DIPLOMA DE ESPECIALIZACI\u00d3N EN GEOMETR\u00cdAS JUR\u00cdDICAS"}]},{"@type":"WebSite","@id":"https:\/\/geometriasjurid.webs.upv.es\/#website","url":"https:\/\/geometriasjurid.webs.upv.es\/","name":"M\u00e1ster en Geometr\u00edas Jur\u00eddicas","description":"Delimitaci\u00f3n precisa de la propiedad inmobiliaria","publisher":{"@id":"https:\/\/geometriasjurid.webs.upv.es\/#organization"},"potentialAction":[{"@type":"SearchAction","target":{"@type":"EntryPoint","urlTemplate":"https:\/\/geometriasjurid.webs.upv.es\/?s={search_term_string}"},"query-input":{"@type":"PropertyValueSpecification","valueRequired":true,"valueName":"search_term_string"}}],"inLanguage":"es"},{"@type":"Organization","@id":"https:\/\/geometriasjurid.webs.upv.es\/#organization","name":"M\u00e1ster en Geometr\u00edas Jur\u00eddicas","url":"https:\/\/geometriasjurid.webs.upv.es\/","logo":{"@type":"ImageObject","inLanguage":"es","@id":"https:\/\/geometriasjurid.webs.upv.es\/#\/schema\/logo\/image\/","url":"https:\/\/geometriasjurid.webs.upv.es\/wp-content\/uploads\/2020\/07\/cropped-Logo-Favicon-1.jpg","contentUrl":"https:\/\/geometriasjurid.webs.upv.es\/wp-content\/uploads\/2020\/07\/cropped-Logo-Favicon-1.jpg","width":240,"height":153,"caption":"M\u00e1ster en Geometr\u00edas Jur\u00eddicas"},"image":{"@id":"https:\/\/geometriasjurid.webs.upv.es\/#\/schema\/logo\/image\/"}}]}},"_links":{"self":[{"href":"https:\/\/geometriasjurid.webs.upv.es\/index.php\/wp-json\/wp\/v2\/pages\/126","targetHints":{"allow":["GET"]}}],"collection":[{"href":"https:\/\/geometriasjurid.webs.upv.es\/index.php\/wp-json\/wp\/v2\/pages"}],"about":[{"href":"https:\/\/geometriasjurid.webs.upv.es\/index.php\/wp-json\/wp\/v2\/types\/page"}],"author":[{"embeddable":true,"href":"https:\/\/geometriasjurid.webs.upv.es\/index.php\/wp-json\/wp\/v2\/users\/1"}],"replies":[{"embeddable":true,"href":"https:\/\/geometriasjurid.webs.upv.es\/index.php\/wp-json\/wp\/v2\/comments?post=126"}],"version-history":[{"count":18,"href":"https:\/\/geometriasjurid.webs.upv.es\/index.php\/wp-json\/wp\/v2\/pages\/126\/revisions"}],"predecessor-version":[{"id":657,"href":"https:\/\/geometriasjurid.webs.upv.es\/index.php\/wp-json\/wp\/v2\/pages\/126\/revisions\/657"}],"wp:attachment":[{"href":"https:\/\/geometriasjurid.webs.upv.es\/index.php\/wp-json\/wp\/v2\/media?parent=126"}],"curies":[{"name":"wp","href":"https:\/\/api.w.org\/{rel}","templated":true}]}}