{"id":169,"date":"2020-07-04T13:37:34","date_gmt":"2020-07-04T13:37:34","guid":{"rendered":"https:\/\/geometriasjurid.webs.upv.es\/?page_id=169"},"modified":"2022-02-18T12:42:08","modified_gmt":"2022-02-18T12:42:08","slug":"asignaturas","status":"publish","type":"page","link":"https:\/\/geometriasjurid.webs.upv.es\/index.php\/asignaturas\/","title":{"rendered":"Asignaturas"},"content":{"rendered":"\n<p>Las asignaturas del proyecto docente de Geometr\u00edas Jur\u00eddicas est\u00e1n divididas en tres m\u00f3dulos de Experto Universitario:<\/p>\n\n\n\n<h3 class=\"wp-block-heading\" id=\"experto-universitario-en-derecho-inmobiliario-y-urbanistico-aplicado-a-las-geometrias-juridicas\"><strong>Experto Universitario en derecho inmobiliario y urban\u00edstico aplicado a las Geometr\u00edas Jur\u00eddicas<\/strong><\/h3>\n\n\n\n<blockquote class=\"wp-block-quote is-layout-flow wp-block-quote-is-layout-flow\"><p>Este m\u00f3dulo tiene una carga docente de 19 cr\u00e9ditos ECTS y agrupa las materias jur\u00eddicas necesarias para interactuar con los operadores jur\u00eddicos y administrativos. Las asignaturas que lo componen son las siguientes:<\/p><p><a href=\"https:\/\/geometriasjurid.webs.upv.es\/index.php\/derecho-inmobiliario-registral\/\">Derecho Inmobiliario Registral<\/a>, <a href=\"https:\/\/geometriasjurid.webs.upv.es\/index.php\/procedimientos-registrales-catastrales\/\" target=\"_blank\" rel=\"noreferrer noopener\">Procedimientos Registrales y Catastrales<\/a>, <a href=\"https:\/\/geometriasjurid.webs.upv.es\/index.php\/valoracion-inmobiliaria\/\" target=\"_blank\" rel=\"noreferrer noopener\">Valoraci\u00f3n Inmobiliaria<\/a>,<a href=\"https:\/\/geometriasjurid.webs.upv.es\/index.php\/urbanismo-aplicado\/\" target=\"_blank\" rel=\"noreferrer noopener\"> Urbanismo aplicado<\/a> y <a href=\"https:\/\/geometriasjurid.webs.upv.es\/index.php\/derecho-urbanistico\/\">Derecho Urban\u00edstico<\/a><\/p><\/blockquote>\n\n\n\n<h3 class=\"wp-block-heading\" id=\"experto-universitario-en-georreferenciacion\"><strong>Experto Universitario en Georreferenciaci\u00f3n<\/strong><\/h3>\n\n\n\n<blockquote class=\"wp-block-quote is-layout-flow wp-block-quote-is-layout-flow\"><p>Este m\u00f3dulo, con una carga lectiva de 17 cr\u00e9ditos ECTS, agrupa las materias que proporcionan al alumnado los conocimientos tecnol\u00f3gicos te\u00f3ricos y pr\u00e1cticos para delimitar geogr\u00e1ficamente cualquier elemento f\u00edsico o jur\u00eddico, a trav\u00e9s de t\u00e9cnicas de posicionamiento basadas en la Geodesia, la Cartograf\u00eda y la Topograf\u00eda. Las asignaturas que lo componen son las siguientes:<\/p><p><a href=\"https:\/\/geometriasjurid.webs.upv.es\/index.php\/topografia\/\">Topograf\u00eda<\/a>, <a href=\"https:\/\/geometriasjurid.webs.upv.es\/index.php\/geodesia\/\">Geodesia<\/a>, <a href=\"https:\/\/geometriasjurid.webs.upv.es\/index.php\/cartografia\/\">Cartograf\u00eda<\/a> y <a href=\"https:\/\/geometriasjurid.webs.upv.es\/index.php\/sistemas-informacion-geografica\/\">Sistemas de Informaci\u00f3n Geogr\u00e1fica<\/a><\/p><\/blockquote>\n\n\n\n<h3 class=\"wp-block-heading\" id=\"experto-universitario-en-aplicaciones-profesionales-de-las-geometrias-juridicas\">Experto universitario en <strong>Aplicaciones Profesionales<\/strong> de las Geometr\u00edas Jur\u00eddicas <\/h3>\n\n\n\n<blockquote class=\"wp-block-quote is-layout-flow wp-block-quote-is-layout-flow\"><p>Este m\u00f3dulo, con una carga lectiva de 18 cr\u00e9ditos ECTS, engloba las materias que proporcionar\u00e1n al alumnado las herramientas y conocimientos te\u00f3ricos y pr\u00e1cticos necesarios para iniciarse o mejorar en su desarrollo profesional. Las asignaturas que lo componen son las siguientes:<\/p><p>Resoluci\u00f3n Alternativa de Conflictos, <a href=\"https:\/\/geometriasjurid.webs.upv.es\/index.php\/fundamentos-profesionales\/\">Fundamentos Profesionales<\/a>, <a href=\"https:\/\/geometriasjurid.webs.upv.es\/index.php\/introduccion-administracion-empresa\/\">Introducci\u00f3n a la Administraci\u00f3n de Empresas<\/a>, <a href=\"https:\/\/geometriasjurid.webs.upv.es\/index.php\/lineas-limite-jurisdiccionales\/\">L\u00edneas L\u00edmite Jurisdiccionales<\/a>, y <a href=\"https:\/\/geometriasjurid.webs.upv.es\/index.php\/actividad-pericial\/\">Actividad Pericial<\/a><\/p><\/blockquote>\n\n\n\n<p><\/p>\n","protected":false},"excerpt":{"rendered":"<p>Las asignaturas del proyecto docente de Geometr\u00edas Jur\u00eddicas est\u00e1n divididas en tres m\u00f3dulos de Experto Universitario: Experto Universitario en derecho inmobiliario y urban\u00edstico aplicado a las Geometr\u00edas Jur\u00eddicas Este m\u00f3dulo tiene una carga docente de 19 cr\u00e9ditos ECTS y agrupa las materias jur\u00eddicas necesarias para interactuar con los operadores jur\u00eddicos y administrativos. Las asignaturas que &hellip; <a href=\"https:\/\/geometriasjurid.webs.upv.es\/index.php\/asignaturas\/\" class=\"more-link\">Continuar leyendo<span class=\"screen-reader-text\"> \u00abAsignaturas\u00bb<\/span><\/a><\/p>\n","protected":false},"author":1,"featured_media":0,"parent":0,"menu_order":0,"comment_status":"closed","ping_status":"closed","template":"","meta":{"footnotes":""},"class_list":["post-169","page","type-page","status-publish","hentry"],"yoast_head":"<!-- This site is optimized with the Yoast SEO plugin v27.5 - https:\/\/yoast.com\/product\/yoast-seo-wordpress\/ -->\n<title>Asignaturas - M\u00e1ster en Geometr\u00edas Jur\u00eddicas<\/title>\n<meta name=\"description\" content=\"Las asignaturas del proyecto docente de Geometr\u00edas Jur\u00eddicas est\u00e1n divididas en tres m\u00f3dulos: Legislaci\u00f3n, Georreferenciaci\u00f3n y Aplicaciones Profesionales.\" \/>\n<meta name=\"robots\" content=\"index, follow, max-snippet:-1, max-image-preview:large, max-video-preview:-1\" \/>\n<link rel=\"canonical\" href=\"https:\/\/geometriasjurid.webs.upv.es\/index.php\/asignaturas\/\" \/>\n<meta property=\"og:locale\" content=\"es_ES\" \/>\n<meta property=\"og:type\" content=\"article\" \/>\n<meta property=\"og:title\" content=\"Asignaturas - M\u00e1ster en Geometr\u00edas Jur\u00eddicas\" \/>\n<meta property=\"og:description\" content=\"Las asignaturas del proyecto docente de Geometr\u00edas Jur\u00eddicas est\u00e1n divididas en tres m\u00f3dulos: Legislaci\u00f3n, Georreferenciaci\u00f3n y Aplicaciones Profesionales.\" \/>\n<meta property=\"og:url\" content=\"https:\/\/geometriasjurid.webs.upv.es\/index.php\/asignaturas\/\" \/>\n<meta property=\"og:site_name\" content=\"M\u00e1ster en Geometr\u00edas Jur\u00eddicas\" \/>\n<meta property=\"article:modified_time\" content=\"2022-02-18T12:42:08+00:00\" \/>\n<meta name=\"twitter:card\" content=\"summary_large_image\" \/>\n<meta name=\"twitter:label1\" content=\"Tiempo de lectura\" \/>\n\t<meta name=\"twitter:data1\" content=\"1 minuto\" \/>\n<script type=\"application\/ld+json\" class=\"yoast-schema-graph\">{\"@context\":\"https:\\\/\\\/schema.org\",\"@graph\":[{\"@type\":\"WebPage\",\"@id\":\"https:\\\/\\\/geometriasjurid.webs.upv.es\\\/index.php\\\/asignaturas\\\/\",\"url\":\"https:\\\/\\\/geometriasjurid.webs.upv.es\\\/index.php\\\/asignaturas\\\/\",\"name\":\"Asignaturas - M\u00e1ster en Geometr\u00edas Jur\u00eddicas\",\"isPartOf\":{\"@id\":\"https:\\\/\\\/geometriasjurid.webs.upv.es\\\/#website\"},\"datePublished\":\"2020-07-04T13:37:34+00:00\",\"dateModified\":\"2022-02-18T12:42:08+00:00\",\"description\":\"Las asignaturas del proyecto docente de Geometr\u00edas Jur\u00eddicas est\u00e1n divididas en tres m\u00f3dulos: Legislaci\u00f3n, Georreferenciaci\u00f3n y Aplicaciones Profesionales.\",\"breadcrumb\":{\"@id\":\"https:\\\/\\\/geometriasjurid.webs.upv.es\\\/index.php\\\/asignaturas\\\/#breadcrumb\"},\"inLanguage\":\"es\",\"potentialAction\":[{\"@type\":\"ReadAction\",\"target\":[\"https:\\\/\\\/geometriasjurid.webs.upv.es\\\/index.php\\\/asignaturas\\\/\"]}]},{\"@type\":\"BreadcrumbList\",\"@id\":\"https:\\\/\\\/geometriasjurid.webs.upv.es\\\/index.php\\\/asignaturas\\\/#breadcrumb\",\"itemListElement\":[{\"@type\":\"ListItem\",\"position\":1,\"name\":\"Home\",\"item\":\"https:\\\/\\\/geometriasjurid.webs.upv.es\\\/\"},{\"@type\":\"ListItem\",\"position\":2,\"name\":\"Asignaturas\"}]},{\"@type\":\"WebSite\",\"@id\":\"https:\\\/\\\/geometriasjurid.webs.upv.es\\\/#website\",\"url\":\"https:\\\/\\\/geometriasjurid.webs.upv.es\\\/\",\"name\":\"M\u00e1ster en Geometr\u00edas Jur\u00eddicas\",\"description\":\"Delimitaci\u00f3n precisa de la propiedad inmobiliaria\",\"publisher\":{\"@id\":\"https:\\\/\\\/geometriasjurid.webs.upv.es\\\/#organization\"},\"potentialAction\":[{\"@type\":\"SearchAction\",\"target\":{\"@type\":\"EntryPoint\",\"urlTemplate\":\"https:\\\/\\\/geometriasjurid.webs.upv.es\\\/?s={search_term_string}\"},\"query-input\":{\"@type\":\"PropertyValueSpecification\",\"valueRequired\":true,\"valueName\":\"search_term_string\"}}],\"inLanguage\":\"es\"},{\"@type\":\"Organization\",\"@id\":\"https:\\\/\\\/geometriasjurid.webs.upv.es\\\/#organization\",\"name\":\"M\u00e1ster en Geometr\u00edas Jur\u00eddicas\",\"url\":\"https:\\\/\\\/geometriasjurid.webs.upv.es\\\/\",\"logo\":{\"@type\":\"ImageObject\",\"inLanguage\":\"es\",\"@id\":\"https:\\\/\\\/geometriasjurid.webs.upv.es\\\/#\\\/schema\\\/logo\\\/image\\\/\",\"url\":\"https:\\\/\\\/geometriasjurid.webs.upv.es\\\/wp-content\\\/uploads\\\/2020\\\/07\\\/cropped-Logo-Favicon-1.jpg\",\"contentUrl\":\"https:\\\/\\\/geometriasjurid.webs.upv.es\\\/wp-content\\\/uploads\\\/2020\\\/07\\\/cropped-Logo-Favicon-1.jpg\",\"width\":240,\"height\":153,\"caption\":\"M\u00e1ster en Geometr\u00edas Jur\u00eddicas\"},\"image\":{\"@id\":\"https:\\\/\\\/geometriasjurid.webs.upv.es\\\/#\\\/schema\\\/logo\\\/image\\\/\"}}]}<\/script>\n<!-- \/ Yoast SEO plugin. -->","yoast_head_json":{"title":"Asignaturas - M\u00e1ster en Geometr\u00edas Jur\u00eddicas","description":"Las asignaturas del proyecto docente de Geometr\u00edas Jur\u00eddicas est\u00e1n divididas en tres m\u00f3dulos: Legislaci\u00f3n, Georreferenciaci\u00f3n y Aplicaciones Profesionales.","robots":{"index":"index","follow":"follow","max-snippet":"max-snippet:-1","max-image-preview":"max-image-preview:large","max-video-preview":"max-video-preview:-1"},"canonical":"https:\/\/geometriasjurid.webs.upv.es\/index.php\/asignaturas\/","og_locale":"es_ES","og_type":"article","og_title":"Asignaturas - M\u00e1ster en Geometr\u00edas Jur\u00eddicas","og_description":"Las asignaturas del proyecto docente de Geometr\u00edas Jur\u00eddicas est\u00e1n divididas en tres m\u00f3dulos: Legislaci\u00f3n, Georreferenciaci\u00f3n y Aplicaciones Profesionales.","og_url":"https:\/\/geometriasjurid.webs.upv.es\/index.php\/asignaturas\/","og_site_name":"M\u00e1ster en Geometr\u00edas Jur\u00eddicas","article_modified_time":"2022-02-18T12:42:08+00:00","twitter_card":"summary_large_image","twitter_misc":{"Tiempo de lectura":"1 minuto"},"schema":{"@context":"https:\/\/schema.org","@graph":[{"@type":"WebPage","@id":"https:\/\/geometriasjurid.webs.upv.es\/index.php\/asignaturas\/","url":"https:\/\/geometriasjurid.webs.upv.es\/index.php\/asignaturas\/","name":"Asignaturas - M\u00e1ster en Geometr\u00edas Jur\u00eddicas","isPartOf":{"@id":"https:\/\/geometriasjurid.webs.upv.es\/#website"},"datePublished":"2020-07-04T13:37:34+00:00","dateModified":"2022-02-18T12:42:08+00:00","description":"Las asignaturas del proyecto docente de Geometr\u00edas Jur\u00eddicas est\u00e1n divididas en tres m\u00f3dulos: Legislaci\u00f3n, Georreferenciaci\u00f3n y Aplicaciones Profesionales.","breadcrumb":{"@id":"https:\/\/geometriasjurid.webs.upv.es\/index.php\/asignaturas\/#breadcrumb"},"inLanguage":"es","potentialAction":[{"@type":"ReadAction","target":["https:\/\/geometriasjurid.webs.upv.es\/index.php\/asignaturas\/"]}]},{"@type":"BreadcrumbList","@id":"https:\/\/geometriasjurid.webs.upv.es\/index.php\/asignaturas\/#breadcrumb","itemListElement":[{"@type":"ListItem","position":1,"name":"Home","item":"https:\/\/geometriasjurid.webs.upv.es\/"},{"@type":"ListItem","position":2,"name":"Asignaturas"}]},{"@type":"WebSite","@id":"https:\/\/geometriasjurid.webs.upv.es\/#website","url":"https:\/\/geometriasjurid.webs.upv.es\/","name":"M\u00e1ster en Geometr\u00edas Jur\u00eddicas","description":"Delimitaci\u00f3n precisa de la propiedad inmobiliaria","publisher":{"@id":"https:\/\/geometriasjurid.webs.upv.es\/#organization"},"potentialAction":[{"@type":"SearchAction","target":{"@type":"EntryPoint","urlTemplate":"https:\/\/geometriasjurid.webs.upv.es\/?s={search_term_string}"},"query-input":{"@type":"PropertyValueSpecification","valueRequired":true,"valueName":"search_term_string"}}],"inLanguage":"es"},{"@type":"Organization","@id":"https:\/\/geometriasjurid.webs.upv.es\/#organization","name":"M\u00e1ster en Geometr\u00edas Jur\u00eddicas","url":"https:\/\/geometriasjurid.webs.upv.es\/","logo":{"@type":"ImageObject","inLanguage":"es","@id":"https:\/\/geometriasjurid.webs.upv.es\/#\/schema\/logo\/image\/","url":"https:\/\/geometriasjurid.webs.upv.es\/wp-content\/uploads\/2020\/07\/cropped-Logo-Favicon-1.jpg","contentUrl":"https:\/\/geometriasjurid.webs.upv.es\/wp-content\/uploads\/2020\/07\/cropped-Logo-Favicon-1.jpg","width":240,"height":153,"caption":"M\u00e1ster en Geometr\u00edas Jur\u00eddicas"},"image":{"@id":"https:\/\/geometriasjurid.webs.upv.es\/#\/schema\/logo\/image\/"}}]}},"_links":{"self":[{"href":"https:\/\/geometriasjurid.webs.upv.es\/index.php\/wp-json\/wp\/v2\/pages\/169","targetHints":{"allow":["GET"]}}],"collection":[{"href":"https:\/\/geometriasjurid.webs.upv.es\/index.php\/wp-json\/wp\/v2\/pages"}],"about":[{"href":"https:\/\/geometriasjurid.webs.upv.es\/index.php\/wp-json\/wp\/v2\/types\/page"}],"author":[{"embeddable":true,"href":"https:\/\/geometriasjurid.webs.upv.es\/index.php\/wp-json\/wp\/v2\/users\/1"}],"replies":[{"embeddable":true,"href":"https:\/\/geometriasjurid.webs.upv.es\/index.php\/wp-json\/wp\/v2\/comments?post=169"}],"version-history":[{"count":10,"href":"https:\/\/geometriasjurid.webs.upv.es\/index.php\/wp-json\/wp\/v2\/pages\/169\/revisions"}],"predecessor-version":[{"id":556,"href":"https:\/\/geometriasjurid.webs.upv.es\/index.php\/wp-json\/wp\/v2\/pages\/169\/revisions\/556"}],"wp:attachment":[{"href":"https:\/\/geometriasjurid.webs.upv.es\/index.php\/wp-json\/wp\/v2\/media?parent=169"}],"curies":[{"name":"wp","href":"https:\/\/api.w.org\/{rel}","templated":true}]}}