{"id":182,"date":"2020-07-04T13:57:56","date_gmt":"2020-07-04T13:57:56","guid":{"rendered":"https:\/\/geometriasjurid.webs.upv.es\/?page_id=182"},"modified":"2020-07-07T16:52:49","modified_gmt":"2020-07-07T16:52:49","slug":"derecho-urbanistico","status":"publish","type":"page","link":"https:\/\/geometriasjurid.webs.upv.es\/index.php\/derecho-urbanistico\/","title":{"rendered":"Derecho Urban\u00edstico"},"content":{"rendered":"\n<blockquote class=\"wp-block-quote is-layout-flow wp-block-quote-is-layout-flow\"><p>La asignatura de <strong>Derecho Urban\u00edstico<\/strong>, de 4 cr\u00e9ditos ECTS,  pretende que el alumnado adquiera un conjunto amplio de conocimientos en materia urban\u00edstica.  <\/p><p><strong>Adem\u00e1s, el alumnado tendr\u00e1 la oportunidad de:<\/strong><\/p><p>Conocer en el marco normativo urban\u00edstico actual <\/p><p>Entender el r\u00e9gimen jur\u00eddico de la propiedad del suelo como un derecho limitado por su funci\u00f3n social. <\/p><p>Comprender el sistema de planeamiento que permite concretar el r\u00e9gimen jur\u00eddico del suelo<\/p><p>Conocer la ejecuci\u00f3n del sistema de planeamiento con el fin de garantizar la distribuci\u00f3n de beneficios y de cargas<\/p><p>Entender el sistema establecido para proteger la legalidad urban\u00edstica. <\/p><p><strong>Imparte la docencia profesorado del <a aria-label=\"undefined (abre en una nueva pesta\u00f1a)\" href=\"http:\/\/www.upv.es\/entidades\/DU\/\" target=\"_blank\" rel=\"noreferrer noopener\">Departamento de Urbanismo<\/a> de la <a href=\"http:\/\/www.upv.es\/\">Universitat Polit\u00e8cnica de Val\u00e8ncia.<\/a> <\/strong><\/p><p><\/p><p><\/p><p><\/p><p><\/p><\/blockquote>\n\n\n\n<p><\/p>\n","protected":false},"excerpt":{"rendered":"<p>La asignatura de Derecho Urban\u00edstico, de 4 cr\u00e9ditos ECTS, pretende que el alumnado adquiera un conjunto amplio de conocimientos en materia urban\u00edstica. Adem\u00e1s, el alumnado tendr\u00e1 la oportunidad de: Conocer en el marco normativo urban\u00edstico actual Entender el r\u00e9gimen jur\u00eddico de la propiedad del suelo como un derecho limitado por su funci\u00f3n social. Comprender el &hellip; <a href=\"https:\/\/geometriasjurid.webs.upv.es\/index.php\/derecho-urbanistico\/\" class=\"more-link\">Continuar leyendo<span class=\"screen-reader-text\"> \u00abDerecho Urban\u00edstico\u00bb<\/span><\/a><\/p>\n","protected":false},"author":1,"featured_media":0,"parent":0,"menu_order":0,"comment_status":"closed","ping_status":"closed","template":"","meta":{"footnotes":""},"class_list":["post-182","page","type-page","status-publish","hentry"],"yoast_head":"<!-- This site is optimized with the Yoast SEO plugin v27.5 - https:\/\/yoast.com\/product\/yoast-seo-wordpress\/ -->\n<title>Derecho Urban\u00edstico - M\u00e1ster en Geometr\u00edas Jur\u00eddicas<\/title>\n<meta name=\"description\" content=\"Derecho Urban\u00edstico es una asignatura de 4 cr\u00e9ditos ECTS que pretende que el alumnado adquiera un conjunto amplio de conocimientos en materia urban\u00edstica.\" \/>\n<meta name=\"robots\" content=\"index, follow, max-snippet:-1, max-image-preview:large, max-video-preview:-1\" \/>\n<link rel=\"canonical\" href=\"https:\/\/geometriasjurid.webs.upv.es\/index.php\/derecho-urbanistico\/\" \/>\n<meta property=\"og:locale\" content=\"es_ES\" \/>\n<meta property=\"og:type\" content=\"article\" \/>\n<meta property=\"og:title\" content=\"Derecho Urban\u00edstico - M\u00e1ster en Geometr\u00edas Jur\u00eddicas\" \/>\n<meta property=\"og:description\" content=\"Derecho Urban\u00edstico es una asignatura de 4 cr\u00e9ditos ECTS que pretende que el alumnado adquiera un conjunto amplio de conocimientos en materia urban\u00edstica.\" \/>\n<meta property=\"og:url\" content=\"https:\/\/geometriasjurid.webs.upv.es\/index.php\/derecho-urbanistico\/\" \/>\n<meta property=\"og:site_name\" content=\"M\u00e1ster en Geometr\u00edas Jur\u00eddicas\" \/>\n<meta property=\"article:modified_time\" content=\"2020-07-07T16:52:49+00:00\" \/>\n<meta name=\"twitter:card\" content=\"summary_large_image\" \/>\n<meta name=\"twitter:label1\" content=\"Tiempo de lectura\" \/>\n\t<meta name=\"twitter:data1\" content=\"1 minuto\" \/>\n<script type=\"application\/ld+json\" class=\"yoast-schema-graph\">{\"@context\":\"https:\\\/\\\/schema.org\",\"@graph\":[{\"@type\":\"WebPage\",\"@id\":\"https:\\\/\\\/geometriasjurid.webs.upv.es\\\/index.php\\\/derecho-urbanistico\\\/\",\"url\":\"https:\\\/\\\/geometriasjurid.webs.upv.es\\\/index.php\\\/derecho-urbanistico\\\/\",\"name\":\"Derecho Urban\u00edstico - M\u00e1ster en Geometr\u00edas Jur\u00eddicas\",\"isPartOf\":{\"@id\":\"https:\\\/\\\/geometriasjurid.webs.upv.es\\\/#website\"},\"datePublished\":\"2020-07-04T13:57:56+00:00\",\"dateModified\":\"2020-07-07T16:52:49+00:00\",\"description\":\"Derecho Urban\u00edstico es una asignatura de 4 cr\u00e9ditos ECTS que pretende que el alumnado adquiera un conjunto amplio de conocimientos en materia urban\u00edstica.\",\"breadcrumb\":{\"@id\":\"https:\\\/\\\/geometriasjurid.webs.upv.es\\\/index.php\\\/derecho-urbanistico\\\/#breadcrumb\"},\"inLanguage\":\"es\",\"potentialAction\":[{\"@type\":\"ReadAction\",\"target\":[\"https:\\\/\\\/geometriasjurid.webs.upv.es\\\/index.php\\\/derecho-urbanistico\\\/\"]}]},{\"@type\":\"BreadcrumbList\",\"@id\":\"https:\\\/\\\/geometriasjurid.webs.upv.es\\\/index.php\\\/derecho-urbanistico\\\/#breadcrumb\",\"itemListElement\":[{\"@type\":\"ListItem\",\"position\":1,\"name\":\"Home\",\"item\":\"https:\\\/\\\/geometriasjurid.webs.upv.es\\\/\"},{\"@type\":\"ListItem\",\"position\":2,\"name\":\"Derecho Urban\u00edstico\"}]},{\"@type\":\"WebSite\",\"@id\":\"https:\\\/\\\/geometriasjurid.webs.upv.es\\\/#website\",\"url\":\"https:\\\/\\\/geometriasjurid.webs.upv.es\\\/\",\"name\":\"M\u00e1ster en Geometr\u00edas Jur\u00eddicas\",\"description\":\"Delimitaci\u00f3n precisa de la propiedad inmobiliaria\",\"publisher\":{\"@id\":\"https:\\\/\\\/geometriasjurid.webs.upv.es\\\/#organization\"},\"potentialAction\":[{\"@type\":\"SearchAction\",\"target\":{\"@type\":\"EntryPoint\",\"urlTemplate\":\"https:\\\/\\\/geometriasjurid.webs.upv.es\\\/?s={search_term_string}\"},\"query-input\":{\"@type\":\"PropertyValueSpecification\",\"valueRequired\":true,\"valueName\":\"search_term_string\"}}],\"inLanguage\":\"es\"},{\"@type\":\"Organization\",\"@id\":\"https:\\\/\\\/geometriasjurid.webs.upv.es\\\/#organization\",\"name\":\"M\u00e1ster en Geometr\u00edas Jur\u00eddicas\",\"url\":\"https:\\\/\\\/geometriasjurid.webs.upv.es\\\/\",\"logo\":{\"@type\":\"ImageObject\",\"inLanguage\":\"es\",\"@id\":\"https:\\\/\\\/geometriasjurid.webs.upv.es\\\/#\\\/schema\\\/logo\\\/image\\\/\",\"url\":\"https:\\\/\\\/geometriasjurid.webs.upv.es\\\/wp-content\\\/uploads\\\/2020\\\/07\\\/cropped-Logo-Favicon-1.jpg\",\"contentUrl\":\"https:\\\/\\\/geometriasjurid.webs.upv.es\\\/wp-content\\\/uploads\\\/2020\\\/07\\\/cropped-Logo-Favicon-1.jpg\",\"width\":240,\"height\":153,\"caption\":\"M\u00e1ster en Geometr\u00edas Jur\u00eddicas\"},\"image\":{\"@id\":\"https:\\\/\\\/geometriasjurid.webs.upv.es\\\/#\\\/schema\\\/logo\\\/image\\\/\"}}]}<\/script>\n<!-- \/ Yoast SEO plugin. -->","yoast_head_json":{"title":"Derecho Urban\u00edstico - M\u00e1ster en Geometr\u00edas Jur\u00eddicas","description":"Derecho Urban\u00edstico es una asignatura de 4 cr\u00e9ditos ECTS que pretende que el alumnado adquiera un conjunto amplio de conocimientos en materia urban\u00edstica.","robots":{"index":"index","follow":"follow","max-snippet":"max-snippet:-1","max-image-preview":"max-image-preview:large","max-video-preview":"max-video-preview:-1"},"canonical":"https:\/\/geometriasjurid.webs.upv.es\/index.php\/derecho-urbanistico\/","og_locale":"es_ES","og_type":"article","og_title":"Derecho Urban\u00edstico - M\u00e1ster en Geometr\u00edas Jur\u00eddicas","og_description":"Derecho Urban\u00edstico es una asignatura de 4 cr\u00e9ditos ECTS que pretende que el alumnado adquiera un conjunto amplio de conocimientos en materia urban\u00edstica.","og_url":"https:\/\/geometriasjurid.webs.upv.es\/index.php\/derecho-urbanistico\/","og_site_name":"M\u00e1ster en Geometr\u00edas Jur\u00eddicas","article_modified_time":"2020-07-07T16:52:49+00:00","twitter_card":"summary_large_image","twitter_misc":{"Tiempo de lectura":"1 minuto"},"schema":{"@context":"https:\/\/schema.org","@graph":[{"@type":"WebPage","@id":"https:\/\/geometriasjurid.webs.upv.es\/index.php\/derecho-urbanistico\/","url":"https:\/\/geometriasjurid.webs.upv.es\/index.php\/derecho-urbanistico\/","name":"Derecho Urban\u00edstico - M\u00e1ster en Geometr\u00edas Jur\u00eddicas","isPartOf":{"@id":"https:\/\/geometriasjurid.webs.upv.es\/#website"},"datePublished":"2020-07-04T13:57:56+00:00","dateModified":"2020-07-07T16:52:49+00:00","description":"Derecho Urban\u00edstico es una asignatura de 4 cr\u00e9ditos ECTS que pretende que el alumnado adquiera un conjunto amplio de conocimientos en materia urban\u00edstica.","breadcrumb":{"@id":"https:\/\/geometriasjurid.webs.upv.es\/index.php\/derecho-urbanistico\/#breadcrumb"},"inLanguage":"es","potentialAction":[{"@type":"ReadAction","target":["https:\/\/geometriasjurid.webs.upv.es\/index.php\/derecho-urbanistico\/"]}]},{"@type":"BreadcrumbList","@id":"https:\/\/geometriasjurid.webs.upv.es\/index.php\/derecho-urbanistico\/#breadcrumb","itemListElement":[{"@type":"ListItem","position":1,"name":"Home","item":"https:\/\/geometriasjurid.webs.upv.es\/"},{"@type":"ListItem","position":2,"name":"Derecho Urban\u00edstico"}]},{"@type":"WebSite","@id":"https:\/\/geometriasjurid.webs.upv.es\/#website","url":"https:\/\/geometriasjurid.webs.upv.es\/","name":"M\u00e1ster en Geometr\u00edas Jur\u00eddicas","description":"Delimitaci\u00f3n precisa de la propiedad inmobiliaria","publisher":{"@id":"https:\/\/geometriasjurid.webs.upv.es\/#organization"},"potentialAction":[{"@type":"SearchAction","target":{"@type":"EntryPoint","urlTemplate":"https:\/\/geometriasjurid.webs.upv.es\/?s={search_term_string}"},"query-input":{"@type":"PropertyValueSpecification","valueRequired":true,"valueName":"search_term_string"}}],"inLanguage":"es"},{"@type":"Organization","@id":"https:\/\/geometriasjurid.webs.upv.es\/#organization","name":"M\u00e1ster en Geometr\u00edas Jur\u00eddicas","url":"https:\/\/geometriasjurid.webs.upv.es\/","logo":{"@type":"ImageObject","inLanguage":"es","@id":"https:\/\/geometriasjurid.webs.upv.es\/#\/schema\/logo\/image\/","url":"https:\/\/geometriasjurid.webs.upv.es\/wp-content\/uploads\/2020\/07\/cropped-Logo-Favicon-1.jpg","contentUrl":"https:\/\/geometriasjurid.webs.upv.es\/wp-content\/uploads\/2020\/07\/cropped-Logo-Favicon-1.jpg","width":240,"height":153,"caption":"M\u00e1ster en Geometr\u00edas Jur\u00eddicas"},"image":{"@id":"https:\/\/geometriasjurid.webs.upv.es\/#\/schema\/logo\/image\/"}}]}},"_links":{"self":[{"href":"https:\/\/geometriasjurid.webs.upv.es\/index.php\/wp-json\/wp\/v2\/pages\/182","targetHints":{"allow":["GET"]}}],"collection":[{"href":"https:\/\/geometriasjurid.webs.upv.es\/index.php\/wp-json\/wp\/v2\/pages"}],"about":[{"href":"https:\/\/geometriasjurid.webs.upv.es\/index.php\/wp-json\/wp\/v2\/types\/page"}],"author":[{"embeddable":true,"href":"https:\/\/geometriasjurid.webs.upv.es\/index.php\/wp-json\/wp\/v2\/users\/1"}],"replies":[{"embeddable":true,"href":"https:\/\/geometriasjurid.webs.upv.es\/index.php\/wp-json\/wp\/v2\/comments?post=182"}],"version-history":[{"count":5,"href":"https:\/\/geometriasjurid.webs.upv.es\/index.php\/wp-json\/wp\/v2\/pages\/182\/revisions"}],"predecessor-version":[{"id":353,"href":"https:\/\/geometriasjurid.webs.upv.es\/index.php\/wp-json\/wp\/v2\/pages\/182\/revisions\/353"}],"wp:attachment":[{"href":"https:\/\/geometriasjurid.webs.upv.es\/index.php\/wp-json\/wp\/v2\/media?parent=182"}],"curies":[{"name":"wp","href":"https:\/\/api.w.org\/{rel}","templated":true}]}}