{"id":205,"date":"2020-07-04T14:50:25","date_gmt":"2020-07-04T14:50:25","guid":{"rendered":"https:\/\/geometriasjurid.webs.upv.es\/?page_id=205"},"modified":"2020-07-07T17:02:00","modified_gmt":"2020-07-07T17:02:00","slug":"fundamentos-profesionales","status":"publish","type":"page","link":"https:\/\/geometriasjurid.webs.upv.es\/index.php\/fundamentos-profesionales\/","title":{"rendered":"Fundamentos profesionales"},"content":{"rendered":"\n<blockquote class=\"wp-block-quote is-layout-flow wp-block-quote-is-layout-flow\"><p><strong>Fundamentos profesionales\u00a0<\/strong>es una asignatura de 2 cr\u00e9ditos ECTS centrada en dotar de las competencias transversales necesarias para interactuar con otros operadores en el mercado. <\/p><p><strong>Adem\u00e1s, el alumnado tendr\u00e1 la oportunidad de:<\/strong><\/p><p>Conocer las herramientas \u00fatiles para alcanzar con \u00e9xito el desarrollo profesional continuo, como piedra angular en la mejora profesional. <\/p><p>Entender la relaci\u00f3n del profesional con la administraci\u00f3n, y de aquel con otros profesionales. <\/p><p>Aprender pormenorizadamente los perfiles de todos los operadores que interact\u00faan con el profesional. <\/p><p>Conocer los colectivos profesionales sectoriales, como los colegios y las asociaciones. <\/p><p>Formarse en el uso de los est\u00e1ndares, que ayudan a potenciar la distinci\u00f3n para con los competidores, <\/p><p>Entender la importancia del c\u00f3digo de buenas pr\u00e1cticas y deontolog\u00eda para proteger al profesional y al destinatario de sus servicios. <\/p><p>Imparten la docencia profesionales de la <a href=\"http:\/\/www.geometra-experto.com\/\" target=\"_blank\" aria-label=\"undefined (abre en una nueva pesta\u00f1a)\" rel=\"noreferrer noopener\">Asociaci\u00f3n Espa\u00f1ola de Ge\u00f3metras Expertos \u2013 GEX\u00ae<\/a>.<\/p><\/blockquote>\n","protected":false},"excerpt":{"rendered":"<p>Fundamentos profesionales\u00a0es una asignatura de 2 cr\u00e9ditos ECTS centrada en dotar de las competencias transversales necesarias para interactuar con otros operadores en el mercado. Adem\u00e1s, el alumnado tendr\u00e1 la oportunidad de: Conocer las herramientas \u00fatiles para alcanzar con \u00e9xito el desarrollo profesional continuo, como piedra angular en la mejora profesional. Entender la relaci\u00f3n del profesional &hellip; <a href=\"https:\/\/geometriasjurid.webs.upv.es\/index.php\/fundamentos-profesionales\/\" class=\"more-link\">Continuar leyendo<span class=\"screen-reader-text\"> \u00abFundamentos profesionales\u00bb<\/span><\/a><\/p>\n","protected":false},"author":1,"featured_media":0,"parent":0,"menu_order":0,"comment_status":"closed","ping_status":"closed","template":"","meta":{"footnotes":""},"class_list":["post-205","page","type-page","status-publish","hentry"],"yoast_head":"<!-- This site is optimized with the Yoast SEO plugin v27.5 - https:\/\/yoast.com\/product\/yoast-seo-wordpress\/ -->\n<title>Fundamentos profesionales - M\u00e1ster en Geometr\u00edas Jur\u00eddicas<\/title>\n<meta name=\"description\" content=\"Fundamentos profesionales esta centrada en dotar de las competencias transversales necesarias para interactuar con otros operadores en el mercado.\" \/>\n<meta name=\"robots\" content=\"index, follow, max-snippet:-1, max-image-preview:large, max-video-preview:-1\" \/>\n<link rel=\"canonical\" href=\"https:\/\/geometriasjurid.webs.upv.es\/index.php\/fundamentos-profesionales\/\" \/>\n<meta property=\"og:locale\" content=\"es_ES\" \/>\n<meta property=\"og:type\" content=\"article\" \/>\n<meta property=\"og:title\" content=\"Fundamentos profesionales - M\u00e1ster en Geometr\u00edas Jur\u00eddicas\" \/>\n<meta property=\"og:description\" content=\"Fundamentos profesionales esta centrada en dotar de las competencias transversales necesarias para interactuar con otros operadores en el mercado.\" \/>\n<meta property=\"og:url\" content=\"https:\/\/geometriasjurid.webs.upv.es\/index.php\/fundamentos-profesionales\/\" \/>\n<meta property=\"og:site_name\" content=\"M\u00e1ster en Geometr\u00edas Jur\u00eddicas\" \/>\n<meta property=\"article:modified_time\" content=\"2020-07-07T17:02:00+00:00\" \/>\n<meta name=\"twitter:card\" content=\"summary_large_image\" \/>\n<meta name=\"twitter:label1\" content=\"Tiempo de lectura\" \/>\n\t<meta name=\"twitter:data1\" content=\"1 minuto\" \/>\n<script type=\"application\/ld+json\" class=\"yoast-schema-graph\">{\"@context\":\"https:\\\/\\\/schema.org\",\"@graph\":[{\"@type\":\"WebPage\",\"@id\":\"https:\\\/\\\/geometriasjurid.webs.upv.es\\\/index.php\\\/fundamentos-profesionales\\\/\",\"url\":\"https:\\\/\\\/geometriasjurid.webs.upv.es\\\/index.php\\\/fundamentos-profesionales\\\/\",\"name\":\"Fundamentos profesionales - M\u00e1ster en Geometr\u00edas Jur\u00eddicas\",\"isPartOf\":{\"@id\":\"https:\\\/\\\/geometriasjurid.webs.upv.es\\\/#website\"},\"datePublished\":\"2020-07-04T14:50:25+00:00\",\"dateModified\":\"2020-07-07T17:02:00+00:00\",\"description\":\"Fundamentos profesionales esta centrada en dotar de las competencias transversales necesarias para interactuar con otros operadores en el mercado.\",\"breadcrumb\":{\"@id\":\"https:\\\/\\\/geometriasjurid.webs.upv.es\\\/index.php\\\/fundamentos-profesionales\\\/#breadcrumb\"},\"inLanguage\":\"es\",\"potentialAction\":[{\"@type\":\"ReadAction\",\"target\":[\"https:\\\/\\\/geometriasjurid.webs.upv.es\\\/index.php\\\/fundamentos-profesionales\\\/\"]}]},{\"@type\":\"BreadcrumbList\",\"@id\":\"https:\\\/\\\/geometriasjurid.webs.upv.es\\\/index.php\\\/fundamentos-profesionales\\\/#breadcrumb\",\"itemListElement\":[{\"@type\":\"ListItem\",\"position\":1,\"name\":\"Home\",\"item\":\"https:\\\/\\\/geometriasjurid.webs.upv.es\\\/\"},{\"@type\":\"ListItem\",\"position\":2,\"name\":\"Fundamentos profesionales\"}]},{\"@type\":\"WebSite\",\"@id\":\"https:\\\/\\\/geometriasjurid.webs.upv.es\\\/#website\",\"url\":\"https:\\\/\\\/geometriasjurid.webs.upv.es\\\/\",\"name\":\"M\u00e1ster en Geometr\u00edas Jur\u00eddicas\",\"description\":\"Delimitaci\u00f3n precisa de la propiedad inmobiliaria\",\"publisher\":{\"@id\":\"https:\\\/\\\/geometriasjurid.webs.upv.es\\\/#organization\"},\"potentialAction\":[{\"@type\":\"SearchAction\",\"target\":{\"@type\":\"EntryPoint\",\"urlTemplate\":\"https:\\\/\\\/geometriasjurid.webs.upv.es\\\/?s={search_term_string}\"},\"query-input\":{\"@type\":\"PropertyValueSpecification\",\"valueRequired\":true,\"valueName\":\"search_term_string\"}}],\"inLanguage\":\"es\"},{\"@type\":\"Organization\",\"@id\":\"https:\\\/\\\/geometriasjurid.webs.upv.es\\\/#organization\",\"name\":\"M\u00e1ster en Geometr\u00edas Jur\u00eddicas\",\"url\":\"https:\\\/\\\/geometriasjurid.webs.upv.es\\\/\",\"logo\":{\"@type\":\"ImageObject\",\"inLanguage\":\"es\",\"@id\":\"https:\\\/\\\/geometriasjurid.webs.upv.es\\\/#\\\/schema\\\/logo\\\/image\\\/\",\"url\":\"https:\\\/\\\/geometriasjurid.webs.upv.es\\\/wp-content\\\/uploads\\\/2020\\\/07\\\/cropped-Logo-Favicon-1.jpg\",\"contentUrl\":\"https:\\\/\\\/geometriasjurid.webs.upv.es\\\/wp-content\\\/uploads\\\/2020\\\/07\\\/cropped-Logo-Favicon-1.jpg\",\"width\":240,\"height\":153,\"caption\":\"M\u00e1ster en Geometr\u00edas Jur\u00eddicas\"},\"image\":{\"@id\":\"https:\\\/\\\/geometriasjurid.webs.upv.es\\\/#\\\/schema\\\/logo\\\/image\\\/\"}}]}<\/script>\n<!-- \/ Yoast SEO plugin. -->","yoast_head_json":{"title":"Fundamentos profesionales - M\u00e1ster en Geometr\u00edas Jur\u00eddicas","description":"Fundamentos profesionales esta centrada en dotar de las competencias transversales necesarias para interactuar con otros operadores en el mercado.","robots":{"index":"index","follow":"follow","max-snippet":"max-snippet:-1","max-image-preview":"max-image-preview:large","max-video-preview":"max-video-preview:-1"},"canonical":"https:\/\/geometriasjurid.webs.upv.es\/index.php\/fundamentos-profesionales\/","og_locale":"es_ES","og_type":"article","og_title":"Fundamentos profesionales - M\u00e1ster en Geometr\u00edas Jur\u00eddicas","og_description":"Fundamentos profesionales esta centrada en dotar de las competencias transversales necesarias para interactuar con otros operadores en el mercado.","og_url":"https:\/\/geometriasjurid.webs.upv.es\/index.php\/fundamentos-profesionales\/","og_site_name":"M\u00e1ster en Geometr\u00edas Jur\u00eddicas","article_modified_time":"2020-07-07T17:02:00+00:00","twitter_card":"summary_large_image","twitter_misc":{"Tiempo de lectura":"1 minuto"},"schema":{"@context":"https:\/\/schema.org","@graph":[{"@type":"WebPage","@id":"https:\/\/geometriasjurid.webs.upv.es\/index.php\/fundamentos-profesionales\/","url":"https:\/\/geometriasjurid.webs.upv.es\/index.php\/fundamentos-profesionales\/","name":"Fundamentos profesionales - M\u00e1ster en Geometr\u00edas Jur\u00eddicas","isPartOf":{"@id":"https:\/\/geometriasjurid.webs.upv.es\/#website"},"datePublished":"2020-07-04T14:50:25+00:00","dateModified":"2020-07-07T17:02:00+00:00","description":"Fundamentos profesionales esta centrada en dotar de las competencias transversales necesarias para interactuar con otros operadores en el mercado.","breadcrumb":{"@id":"https:\/\/geometriasjurid.webs.upv.es\/index.php\/fundamentos-profesionales\/#breadcrumb"},"inLanguage":"es","potentialAction":[{"@type":"ReadAction","target":["https:\/\/geometriasjurid.webs.upv.es\/index.php\/fundamentos-profesionales\/"]}]},{"@type":"BreadcrumbList","@id":"https:\/\/geometriasjurid.webs.upv.es\/index.php\/fundamentos-profesionales\/#breadcrumb","itemListElement":[{"@type":"ListItem","position":1,"name":"Home","item":"https:\/\/geometriasjurid.webs.upv.es\/"},{"@type":"ListItem","position":2,"name":"Fundamentos profesionales"}]},{"@type":"WebSite","@id":"https:\/\/geometriasjurid.webs.upv.es\/#website","url":"https:\/\/geometriasjurid.webs.upv.es\/","name":"M\u00e1ster en Geometr\u00edas Jur\u00eddicas","description":"Delimitaci\u00f3n precisa de la propiedad inmobiliaria","publisher":{"@id":"https:\/\/geometriasjurid.webs.upv.es\/#organization"},"potentialAction":[{"@type":"SearchAction","target":{"@type":"EntryPoint","urlTemplate":"https:\/\/geometriasjurid.webs.upv.es\/?s={search_term_string}"},"query-input":{"@type":"PropertyValueSpecification","valueRequired":true,"valueName":"search_term_string"}}],"inLanguage":"es"},{"@type":"Organization","@id":"https:\/\/geometriasjurid.webs.upv.es\/#organization","name":"M\u00e1ster en Geometr\u00edas Jur\u00eddicas","url":"https:\/\/geometriasjurid.webs.upv.es\/","logo":{"@type":"ImageObject","inLanguage":"es","@id":"https:\/\/geometriasjurid.webs.upv.es\/#\/schema\/logo\/image\/","url":"https:\/\/geometriasjurid.webs.upv.es\/wp-content\/uploads\/2020\/07\/cropped-Logo-Favicon-1.jpg","contentUrl":"https:\/\/geometriasjurid.webs.upv.es\/wp-content\/uploads\/2020\/07\/cropped-Logo-Favicon-1.jpg","width":240,"height":153,"caption":"M\u00e1ster en Geometr\u00edas Jur\u00eddicas"},"image":{"@id":"https:\/\/geometriasjurid.webs.upv.es\/#\/schema\/logo\/image\/"}}]}},"_links":{"self":[{"href":"https:\/\/geometriasjurid.webs.upv.es\/index.php\/wp-json\/wp\/v2\/pages\/205","targetHints":{"allow":["GET"]}}],"collection":[{"href":"https:\/\/geometriasjurid.webs.upv.es\/index.php\/wp-json\/wp\/v2\/pages"}],"about":[{"href":"https:\/\/geometriasjurid.webs.upv.es\/index.php\/wp-json\/wp\/v2\/types\/page"}],"author":[{"embeddable":true,"href":"https:\/\/geometriasjurid.webs.upv.es\/index.php\/wp-json\/wp\/v2\/users\/1"}],"replies":[{"embeddable":true,"href":"https:\/\/geometriasjurid.webs.upv.es\/index.php\/wp-json\/wp\/v2\/comments?post=205"}],"version-history":[{"count":4,"href":"https:\/\/geometriasjurid.webs.upv.es\/index.php\/wp-json\/wp\/v2\/pages\/205\/revisions"}],"predecessor-version":[{"id":356,"href":"https:\/\/geometriasjurid.webs.upv.es\/index.php\/wp-json\/wp\/v2\/pages\/205\/revisions\/356"}],"wp:attachment":[{"href":"https:\/\/geometriasjurid.webs.upv.es\/index.php\/wp-json\/wp\/v2\/media?parent=205"}],"curies":[{"name":"wp","href":"https:\/\/api.w.org\/{rel}","templated":true}]}}