{"id":220,"date":"2020-07-04T15:11:02","date_gmt":"2020-07-04T15:11:02","guid":{"rendered":"https:\/\/geometriasjurid.webs.upv.es\/?page_id=220"},"modified":"2020-07-07T17:47:28","modified_gmt":"2020-07-07T17:47:28","slug":"urbanismo-aplicado","status":"publish","type":"page","link":"https:\/\/geometriasjurid.webs.upv.es\/index.php\/urbanismo-aplicado\/","title":{"rendered":"Urbanismo aplicado"},"content":{"rendered":"\n<blockquote class=\"wp-block-quote is-layout-flow wp-block-quote-is-layout-flow\"><p><strong>Urbanismo aplicado<\/strong> es una asignatura de 3 cr\u00e9ditos que tiene por objeto facilitar al alumnado las herramientas t\u00e9cnicas y normativas para conocer en profundidad los documentos de ordenaci\u00f3n urban\u00edstica desde un punto de vista pr\u00e1ctico y aplicado, complementando la asignatura de Derecho Urban\u00edstico del m\u00f3dulo I.<\/p><p> <strong>Adem\u00e1s, el alumnado tendr\u00e1 la oportunidad de:<\/strong><\/p><p>Conocer en profundidad el proceso de reparcelaci\u00f3n urban\u00edstica.<\/p><p>Comprender todos los aspectos del plan parcial, el estudio de detalle, la parcelaci\u00f3n urban\u00edstica y la concentraci\u00f3n parcelaria, sus funciones y determinaciones, su documentaci\u00f3n y su tramitaci\u00f3n. <\/p><p>Analizar en profundidad los sistemas de gesti\u00f3n urban\u00edstica y la figura del agente urbanizador. <\/p><p>Imparte la docencia profesorado del <a aria-label=\"undefined (abre en una nueva pesta\u00f1a)\" href=\"http:\/\/www.upv.es\/entidades\/DU\/\" target=\"_blank\" rel=\"noreferrer noopener\">Departamento de Urbanismo<\/a> de la <a aria-label=\"undefined (abre en una nueva pesta\u00f1a)\" href=\"http:\/\/www.upv.es\/\" target=\"_blank\" rel=\"noreferrer noopener\">Universitat Polit\u00e8cnica de Val\u00e8ncia<\/a>, abogados urbanistas de <a aria-label=\"undefined (abre en una nueva pesta\u00f1a)\" href=\"http:\/\/www.noguera-abogados.es\/noguera-abogados\/\" target=\"_blank\" rel=\"noreferrer noopener\">Noguera Abogados<\/a> y del \u00e1rea de Urbanismo del <a aria-label=\"undefined (abre en una nueva pesta\u00f1a)\" href=\"http:\/\/www.quartdepoblet.org\/portal\/p_1_principal1.jsp?codResi=1&language=es\" target=\"_blank\" rel=\"noreferrer noopener\">Ayuntamiento de Quart de Poblet <\/a>(Valencia).<\/p><\/blockquote>\n","protected":false},"excerpt":{"rendered":"<p>Urbanismo aplicado es una asignatura de 3 cr\u00e9ditos que tiene por objeto facilitar al alumnado las herramientas t\u00e9cnicas y normativas para conocer en profundidad los documentos de ordenaci\u00f3n urban\u00edstica desde un punto de vista pr\u00e1ctico y aplicado, complementando la asignatura de Derecho Urban\u00edstico del m\u00f3dulo I. Adem\u00e1s, el alumnado tendr\u00e1 la oportunidad de: Conocer en &hellip; <a href=\"https:\/\/geometriasjurid.webs.upv.es\/index.php\/urbanismo-aplicado\/\" class=\"more-link\">Continuar leyendo<span class=\"screen-reader-text\"> \u00abUrbanismo aplicado\u00bb<\/span><\/a><\/p>\n","protected":false},"author":1,"featured_media":0,"parent":0,"menu_order":0,"comment_status":"closed","ping_status":"closed","template":"","meta":{"footnotes":""},"class_list":["post-220","page","type-page","status-publish","hentry"],"yoast_head":"<!-- This site is optimized with the Yoast SEO plugin v27.5 - https:\/\/yoast.com\/product\/yoast-seo-wordpress\/ -->\n<title>Urbanismo aplicado - M\u00e1ster en Geometr\u00edas Jur\u00eddicas<\/title>\n<meta name=\"description\" content=\"Urbanismo aplicado tiene por objeto facilitar al alumnado las herramientas para conocer en profundidad los documentos de ordenaci\u00f3n urban\u00edstica.\" \/>\n<meta name=\"robots\" content=\"index, follow, max-snippet:-1, max-image-preview:large, max-video-preview:-1\" \/>\n<link rel=\"canonical\" href=\"https:\/\/geometriasjurid.webs.upv.es\/index.php\/urbanismo-aplicado\/\" \/>\n<meta property=\"og:locale\" content=\"es_ES\" \/>\n<meta property=\"og:type\" content=\"article\" \/>\n<meta property=\"og:title\" content=\"Urbanismo aplicado - M\u00e1ster en Geometr\u00edas Jur\u00eddicas\" \/>\n<meta property=\"og:description\" content=\"Urbanismo aplicado tiene por objeto facilitar al alumnado las herramientas para conocer en profundidad los documentos de ordenaci\u00f3n urban\u00edstica.\" \/>\n<meta property=\"og:url\" content=\"https:\/\/geometriasjurid.webs.upv.es\/index.php\/urbanismo-aplicado\/\" \/>\n<meta property=\"og:site_name\" content=\"M\u00e1ster en Geometr\u00edas Jur\u00eddicas\" \/>\n<meta property=\"article:modified_time\" content=\"2020-07-07T17:47:28+00:00\" \/>\n<meta name=\"twitter:card\" content=\"summary_large_image\" \/>\n<meta name=\"twitter:label1\" content=\"Tiempo de lectura\" \/>\n\t<meta name=\"twitter:data1\" content=\"1 minuto\" \/>\n<script type=\"application\/ld+json\" class=\"yoast-schema-graph\">{\"@context\":\"https:\\\/\\\/schema.org\",\"@graph\":[{\"@type\":\"WebPage\",\"@id\":\"https:\\\/\\\/geometriasjurid.webs.upv.es\\\/index.php\\\/urbanismo-aplicado\\\/\",\"url\":\"https:\\\/\\\/geometriasjurid.webs.upv.es\\\/index.php\\\/urbanismo-aplicado\\\/\",\"name\":\"Urbanismo aplicado - M\u00e1ster en Geometr\u00edas Jur\u00eddicas\",\"isPartOf\":{\"@id\":\"https:\\\/\\\/geometriasjurid.webs.upv.es\\\/#website\"},\"datePublished\":\"2020-07-04T15:11:02+00:00\",\"dateModified\":\"2020-07-07T17:47:28+00:00\",\"description\":\"Urbanismo aplicado tiene por objeto facilitar al alumnado las herramientas para conocer en profundidad los documentos de ordenaci\u00f3n urban\u00edstica.\",\"breadcrumb\":{\"@id\":\"https:\\\/\\\/geometriasjurid.webs.upv.es\\\/index.php\\\/urbanismo-aplicado\\\/#breadcrumb\"},\"inLanguage\":\"es\",\"potentialAction\":[{\"@type\":\"ReadAction\",\"target\":[\"https:\\\/\\\/geometriasjurid.webs.upv.es\\\/index.php\\\/urbanismo-aplicado\\\/\"]}]},{\"@type\":\"BreadcrumbList\",\"@id\":\"https:\\\/\\\/geometriasjurid.webs.upv.es\\\/index.php\\\/urbanismo-aplicado\\\/#breadcrumb\",\"itemListElement\":[{\"@type\":\"ListItem\",\"position\":1,\"name\":\"Home\",\"item\":\"https:\\\/\\\/geometriasjurid.webs.upv.es\\\/\"},{\"@type\":\"ListItem\",\"position\":2,\"name\":\"Urbanismo aplicado\"}]},{\"@type\":\"WebSite\",\"@id\":\"https:\\\/\\\/geometriasjurid.webs.upv.es\\\/#website\",\"url\":\"https:\\\/\\\/geometriasjurid.webs.upv.es\\\/\",\"name\":\"M\u00e1ster en Geometr\u00edas Jur\u00eddicas\",\"description\":\"Delimitaci\u00f3n precisa de la propiedad inmobiliaria\",\"publisher\":{\"@id\":\"https:\\\/\\\/geometriasjurid.webs.upv.es\\\/#organization\"},\"potentialAction\":[{\"@type\":\"SearchAction\",\"target\":{\"@type\":\"EntryPoint\",\"urlTemplate\":\"https:\\\/\\\/geometriasjurid.webs.upv.es\\\/?s={search_term_string}\"},\"query-input\":{\"@type\":\"PropertyValueSpecification\",\"valueRequired\":true,\"valueName\":\"search_term_string\"}}],\"inLanguage\":\"es\"},{\"@type\":\"Organization\",\"@id\":\"https:\\\/\\\/geometriasjurid.webs.upv.es\\\/#organization\",\"name\":\"M\u00e1ster en Geometr\u00edas Jur\u00eddicas\",\"url\":\"https:\\\/\\\/geometriasjurid.webs.upv.es\\\/\",\"logo\":{\"@type\":\"ImageObject\",\"inLanguage\":\"es\",\"@id\":\"https:\\\/\\\/geometriasjurid.webs.upv.es\\\/#\\\/schema\\\/logo\\\/image\\\/\",\"url\":\"https:\\\/\\\/geometriasjurid.webs.upv.es\\\/wp-content\\\/uploads\\\/2020\\\/07\\\/cropped-Logo-Favicon-1.jpg\",\"contentUrl\":\"https:\\\/\\\/geometriasjurid.webs.upv.es\\\/wp-content\\\/uploads\\\/2020\\\/07\\\/cropped-Logo-Favicon-1.jpg\",\"width\":240,\"height\":153,\"caption\":\"M\u00e1ster en Geometr\u00edas Jur\u00eddicas\"},\"image\":{\"@id\":\"https:\\\/\\\/geometriasjurid.webs.upv.es\\\/#\\\/schema\\\/logo\\\/image\\\/\"}}]}<\/script>\n<!-- \/ Yoast SEO plugin. -->","yoast_head_json":{"title":"Urbanismo aplicado - M\u00e1ster en Geometr\u00edas Jur\u00eddicas","description":"Urbanismo aplicado tiene por objeto facilitar al alumnado las herramientas para conocer en profundidad los documentos de ordenaci\u00f3n urban\u00edstica.","robots":{"index":"index","follow":"follow","max-snippet":"max-snippet:-1","max-image-preview":"max-image-preview:large","max-video-preview":"max-video-preview:-1"},"canonical":"https:\/\/geometriasjurid.webs.upv.es\/index.php\/urbanismo-aplicado\/","og_locale":"es_ES","og_type":"article","og_title":"Urbanismo aplicado - M\u00e1ster en Geometr\u00edas Jur\u00eddicas","og_description":"Urbanismo aplicado tiene por objeto facilitar al alumnado las herramientas para conocer en profundidad los documentos de ordenaci\u00f3n urban\u00edstica.","og_url":"https:\/\/geometriasjurid.webs.upv.es\/index.php\/urbanismo-aplicado\/","og_site_name":"M\u00e1ster en Geometr\u00edas Jur\u00eddicas","article_modified_time":"2020-07-07T17:47:28+00:00","twitter_card":"summary_large_image","twitter_misc":{"Tiempo de lectura":"1 minuto"},"schema":{"@context":"https:\/\/schema.org","@graph":[{"@type":"WebPage","@id":"https:\/\/geometriasjurid.webs.upv.es\/index.php\/urbanismo-aplicado\/","url":"https:\/\/geometriasjurid.webs.upv.es\/index.php\/urbanismo-aplicado\/","name":"Urbanismo aplicado - M\u00e1ster en Geometr\u00edas Jur\u00eddicas","isPartOf":{"@id":"https:\/\/geometriasjurid.webs.upv.es\/#website"},"datePublished":"2020-07-04T15:11:02+00:00","dateModified":"2020-07-07T17:47:28+00:00","description":"Urbanismo aplicado tiene por objeto facilitar al alumnado las herramientas para conocer en profundidad los documentos de ordenaci\u00f3n urban\u00edstica.","breadcrumb":{"@id":"https:\/\/geometriasjurid.webs.upv.es\/index.php\/urbanismo-aplicado\/#breadcrumb"},"inLanguage":"es","potentialAction":[{"@type":"ReadAction","target":["https:\/\/geometriasjurid.webs.upv.es\/index.php\/urbanismo-aplicado\/"]}]},{"@type":"BreadcrumbList","@id":"https:\/\/geometriasjurid.webs.upv.es\/index.php\/urbanismo-aplicado\/#breadcrumb","itemListElement":[{"@type":"ListItem","position":1,"name":"Home","item":"https:\/\/geometriasjurid.webs.upv.es\/"},{"@type":"ListItem","position":2,"name":"Urbanismo aplicado"}]},{"@type":"WebSite","@id":"https:\/\/geometriasjurid.webs.upv.es\/#website","url":"https:\/\/geometriasjurid.webs.upv.es\/","name":"M\u00e1ster en Geometr\u00edas Jur\u00eddicas","description":"Delimitaci\u00f3n precisa de la propiedad inmobiliaria","publisher":{"@id":"https:\/\/geometriasjurid.webs.upv.es\/#organization"},"potentialAction":[{"@type":"SearchAction","target":{"@type":"EntryPoint","urlTemplate":"https:\/\/geometriasjurid.webs.upv.es\/?s={search_term_string}"},"query-input":{"@type":"PropertyValueSpecification","valueRequired":true,"valueName":"search_term_string"}}],"inLanguage":"es"},{"@type":"Organization","@id":"https:\/\/geometriasjurid.webs.upv.es\/#organization","name":"M\u00e1ster en Geometr\u00edas Jur\u00eddicas","url":"https:\/\/geometriasjurid.webs.upv.es\/","logo":{"@type":"ImageObject","inLanguage":"es","@id":"https:\/\/geometriasjurid.webs.upv.es\/#\/schema\/logo\/image\/","url":"https:\/\/geometriasjurid.webs.upv.es\/wp-content\/uploads\/2020\/07\/cropped-Logo-Favicon-1.jpg","contentUrl":"https:\/\/geometriasjurid.webs.upv.es\/wp-content\/uploads\/2020\/07\/cropped-Logo-Favicon-1.jpg","width":240,"height":153,"caption":"M\u00e1ster en Geometr\u00edas Jur\u00eddicas"},"image":{"@id":"https:\/\/geometriasjurid.webs.upv.es\/#\/schema\/logo\/image\/"}}]}},"_links":{"self":[{"href":"https:\/\/geometriasjurid.webs.upv.es\/index.php\/wp-json\/wp\/v2\/pages\/220","targetHints":{"allow":["GET"]}}],"collection":[{"href":"https:\/\/geometriasjurid.webs.upv.es\/index.php\/wp-json\/wp\/v2\/pages"}],"about":[{"href":"https:\/\/geometriasjurid.webs.upv.es\/index.php\/wp-json\/wp\/v2\/types\/page"}],"author":[{"embeddable":true,"href":"https:\/\/geometriasjurid.webs.upv.es\/index.php\/wp-json\/wp\/v2\/users\/1"}],"replies":[{"embeddable":true,"href":"https:\/\/geometriasjurid.webs.upv.es\/index.php\/wp-json\/wp\/v2\/comments?post=220"}],"version-history":[{"count":2,"href":"https:\/\/geometriasjurid.webs.upv.es\/index.php\/wp-json\/wp\/v2\/pages\/220\/revisions"}],"predecessor-version":[{"id":366,"href":"https:\/\/geometriasjurid.webs.upv.es\/index.php\/wp-json\/wp\/v2\/pages\/220\/revisions\/366"}],"wp:attachment":[{"href":"https:\/\/geometriasjurid.webs.upv.es\/index.php\/wp-json\/wp\/v2\/media?parent=220"}],"curies":[{"name":"wp","href":"https:\/\/api.w.org\/{rel}","templated":true}]}}