{"id":31,"date":"2020-07-03T10:10:47","date_gmt":"2020-07-03T10:10:47","guid":{"rendered":"https:\/\/geometriasjurid.webs.upv.es\/?page_id=31"},"modified":"2022-07-12T09:32:21","modified_gmt":"2022-07-12T09:32:21","slug":"enlaces-para-la-matricula","status":"publish","type":"page","link":"https:\/\/geometriasjurid.webs.upv.es\/index.php\/enlaces-para-la-matricula\/","title":{"rendered":"Matr\u00edcula"},"content":{"rendered":"\n<blockquote class=\"wp-block-quote is-layout-flow wp-block-quote-is-layout-flow\"><p><a aria-label=\"undefined (abre en una nueva pesta\u00f1a)\" href=\"https:\/\/geometriasjurid.webs.upv.es\/index.php\/master-geometrias-juridicas\/\" target=\"_blank\" rel=\"noreferrer noopener\">M\u00c1STER EN GEOMETR\u00cdAS JUR\u00cdDICAS<\/a><\/p><p><a href=\"https:\/\/www.cfp.upv.es\/formacion-permanente\/curso\/master-formacion-permanente-geometrias-juridicas_82740.html\" target=\"_blank\" rel=\"noreferrer noopener\">Matric\u00falate aqu\u00ed<\/a><\/p><\/blockquote>\n\n\n\n<blockquote class=\"wp-block-quote is-layout-flow wp-block-quote-is-layout-flow\"><p><a aria-label=\"undefined (abre en una nueva pesta\u00f1a)\" href=\"https:\/\/geometriasjurid.webs.upv.es\/index.php\/diploma-especializacion-geometrias-juridicas\/\" target=\"_blank\" rel=\"noreferrer noopener\">DIPLOMA DE ESPECIALIZACI\u00d3N EN GEOMETR\u00cdAS JUR\u00cdDICAS<\/a><\/p><p><a href=\"https:\/\/www.cfp.upv.es\/formacion-permanente\/curso\/diploma-especializacion-geometrias-juridicas_82741.html\" target=\"_blank\" rel=\"noreferrer noopener\">Matric\u00falate aqu\u00ed<\/a><\/p><\/blockquote>\n\n\n\n<blockquote class=\"wp-block-quote is-layout-flow wp-block-quote-is-layout-flow\"><p><a aria-label=\"undefined (abre en una nueva pesta\u00f1a)\" href=\"https:\/\/geometriasjurid.webs.upv.es\/index.php\/experto-universitario-en-georreferenciacion\/\" target=\"_blank\" rel=\"noreferrer noopener\">DIPLOMA DE EXPERTO EN GEORREFERENCIACI\u00d3N<\/a><\/p><p><a href=\"https:\/\/www.cfp.upv.es\/formacion-permanente\/curso\/diploma-experto-georreferenciacion_82742.html\" target=\"_blank\" rel=\"noreferrer noopener\">Matric\u00falate a<\/a><a href=\"https:\/\/www.cfp.upv.es\/formacion-permanente\/curso\/diploma-experto-georreferenciacion_82742.html\">q<\/a><a href=\"https:\/\/www.cfp.upv.es\/formacion-permanente\/curso\/diploma-experto-georreferenciacion_82742.html\" target=\"_blank\" rel=\"noreferrer noopener\">u\u00ed<\/a><\/p><\/blockquote>\n\n\n\n<p><\/p>\n\n\n\n<blockquote class=\"wp-block-quote is-layout-flow wp-block-quote-is-layout-flow\"><p><a href=\"https:\/\/www.cfp.upv.es\/formacion-permanente\/curso\/diploma-experto-derecho-inmobiliario-urbanistico-aplicado-geometrias-juridicas_82743.html\">DIPLOMA DE EXPERTO EN DERECHO INMOBILIRIO Y URBAN\u00cdSTICO APLICADO A LAS GEOMETR\u00cdAS JUR\u00cdDICAS<\/a><\/p><p><a href=\"https:\/\/www.cfp.upv.es\/formacion-permanente\/curso\/diploma-experto-derecho-inmobiliario-urbanistico-aplicado-geometrias-juridicas_82743.html\" target=\"_blank\" rel=\"noreferrer noopener\">Matric\u00falate aqu\u00ed<\/a><\/p><\/blockquote>\n\n\n\n<blockquote class=\"wp-block-quote is-layout-flow wp-block-quote-is-layout-flow\"><p><a href=\"https:\/\/www.cfp.upv.es\/formacion-permanente\/curso\/diploma-experto-aplicaciones-profesionales-geometrias-juridicas_82744.html\">DIPLOMA DE EXPERTO EN APLICACIONES P<\/a><a href=\"https:\/\/www.cfp.upv.es\/formacion-permanente\/curso\/diploma-experto-aplicaciones-profesionales-geometrias-juridicas_82744.html\" target=\"_blank\" rel=\"noreferrer noopener\">ROFESIONALES DE LAS GEOMETR\u00cdAS JUR\u00cdDICAS<\/a><\/p><p><a href=\"https:\/\/www.cfp.upv.es\/formacion-permanente\/curso\/diploma-experto-aplicaciones-profesionales-geometrias-juridicas_82744.html\" target=\"_blank\" rel=\"noreferrer noopener\">Matric\u00falate aqu\u00ed<\/a><\/p><\/blockquote>\n\n\n\n<p><\/p>\n","protected":false},"excerpt":{"rendered":"<p>M\u00c1STER EN GEOMETR\u00cdAS JUR\u00cdDICAS Matric\u00falate aqu\u00ed DIPLOMA DE ESPECIALIZACI\u00d3N EN GEOMETR\u00cdAS JUR\u00cdDICAS Matric\u00falate aqu\u00ed DIPLOMA DE EXPERTO EN GEORREFERENCIACI\u00d3N Matric\u00falate aqu\u00ed DIPLOMA DE EXPERTO EN DERECHO INMOBILIRIO Y URBAN\u00cdSTICO APLICADO A LAS GEOMETR\u00cdAS JUR\u00cdDICAS Matric\u00falate aqu\u00ed DIPLOMA DE EXPERTO EN APLICACIONES PROFESIONALES DE LAS GEOMETR\u00cdAS JUR\u00cdDICAS Matric\u00falate aqu\u00ed<\/p>\n","protected":false},"author":1,"featured_media":0,"parent":0,"menu_order":0,"comment_status":"closed","ping_status":"closed","template":"","meta":{"footnotes":""},"class_list":["post-31","page","type-page","status-publish","hentry"],"yoast_head":"<!-- This site is optimized with the Yoast SEO plugin v27.5 - https:\/\/yoast.com\/product\/yoast-seo-wordpress\/ -->\n<title>Matr\u00edcula - M\u00e1ster en Geometr\u00edas Jur\u00eddicas<\/title>\n<meta name=\"description\" content=\"Enlaces para la matr\u00edcula en el Plan de Estudios Coordinado de Geometr\u00edas Jur\u00eddicas. Enlaces a todos los elementos del Plan de Estudios Coordinado.\" \/>\n<meta name=\"robots\" content=\"index, follow, max-snippet:-1, max-image-preview:large, max-video-preview:-1\" \/>\n<link rel=\"canonical\" href=\"https:\/\/geometriasjurid.webs.upv.es\/index.php\/enlaces-para-la-matricula\/\" \/>\n<meta property=\"og:locale\" content=\"es_ES\" \/>\n<meta property=\"og:type\" content=\"article\" \/>\n<meta property=\"og:title\" content=\"Matr\u00edcula - M\u00e1ster en Geometr\u00edas Jur\u00eddicas\" \/>\n<meta property=\"og:description\" content=\"Enlaces para la matr\u00edcula en el Plan de Estudios Coordinado de Geometr\u00edas Jur\u00eddicas. Enlaces a todos los elementos del Plan de Estudios Coordinado.\" \/>\n<meta property=\"og:url\" content=\"https:\/\/geometriasjurid.webs.upv.es\/index.php\/enlaces-para-la-matricula\/\" \/>\n<meta property=\"og:site_name\" content=\"M\u00e1ster en Geometr\u00edas Jur\u00eddicas\" \/>\n<meta property=\"article:modified_time\" content=\"2022-07-12T09:32:21+00:00\" \/>\n<meta name=\"twitter:card\" content=\"summary_large_image\" \/>\n<meta name=\"twitter:label1\" content=\"Tiempo de lectura\" \/>\n\t<meta name=\"twitter:data1\" content=\"1 minuto\" \/>\n<script type=\"application\/ld+json\" class=\"yoast-schema-graph\">{\"@context\":\"https:\\\/\\\/schema.org\",\"@graph\":[{\"@type\":\"WebPage\",\"@id\":\"https:\\\/\\\/geometriasjurid.webs.upv.es\\\/index.php\\\/enlaces-para-la-matricula\\\/\",\"url\":\"https:\\\/\\\/geometriasjurid.webs.upv.es\\\/index.php\\\/enlaces-para-la-matricula\\\/\",\"name\":\"Matr\u00edcula - M\u00e1ster en Geometr\u00edas Jur\u00eddicas\",\"isPartOf\":{\"@id\":\"https:\\\/\\\/geometriasjurid.webs.upv.es\\\/#website\"},\"datePublished\":\"2020-07-03T10:10:47+00:00\",\"dateModified\":\"2022-07-12T09:32:21+00:00\",\"description\":\"Enlaces para la matr\u00edcula en el Plan de Estudios Coordinado de Geometr\u00edas Jur\u00eddicas. Enlaces a todos los elementos del Plan de Estudios Coordinado.\",\"breadcrumb\":{\"@id\":\"https:\\\/\\\/geometriasjurid.webs.upv.es\\\/index.php\\\/enlaces-para-la-matricula\\\/#breadcrumb\"},\"inLanguage\":\"es\",\"potentialAction\":[{\"@type\":\"ReadAction\",\"target\":[\"https:\\\/\\\/geometriasjurid.webs.upv.es\\\/index.php\\\/enlaces-para-la-matricula\\\/\"]}]},{\"@type\":\"BreadcrumbList\",\"@id\":\"https:\\\/\\\/geometriasjurid.webs.upv.es\\\/index.php\\\/enlaces-para-la-matricula\\\/#breadcrumb\",\"itemListElement\":[{\"@type\":\"ListItem\",\"position\":1,\"name\":\"Home\",\"item\":\"https:\\\/\\\/geometriasjurid.webs.upv.es\\\/\"},{\"@type\":\"ListItem\",\"position\":2,\"name\":\"Matr\u00edcula\"}]},{\"@type\":\"WebSite\",\"@id\":\"https:\\\/\\\/geometriasjurid.webs.upv.es\\\/#website\",\"url\":\"https:\\\/\\\/geometriasjurid.webs.upv.es\\\/\",\"name\":\"M\u00e1ster en Geometr\u00edas Jur\u00eddicas\",\"description\":\"Delimitaci\u00f3n precisa de la propiedad inmobiliaria\",\"publisher\":{\"@id\":\"https:\\\/\\\/geometriasjurid.webs.upv.es\\\/#organization\"},\"potentialAction\":[{\"@type\":\"SearchAction\",\"target\":{\"@type\":\"EntryPoint\",\"urlTemplate\":\"https:\\\/\\\/geometriasjurid.webs.upv.es\\\/?s={search_term_string}\"},\"query-input\":{\"@type\":\"PropertyValueSpecification\",\"valueRequired\":true,\"valueName\":\"search_term_string\"}}],\"inLanguage\":\"es\"},{\"@type\":\"Organization\",\"@id\":\"https:\\\/\\\/geometriasjurid.webs.upv.es\\\/#organization\",\"name\":\"M\u00e1ster en Geometr\u00edas Jur\u00eddicas\",\"url\":\"https:\\\/\\\/geometriasjurid.webs.upv.es\\\/\",\"logo\":{\"@type\":\"ImageObject\",\"inLanguage\":\"es\",\"@id\":\"https:\\\/\\\/geometriasjurid.webs.upv.es\\\/#\\\/schema\\\/logo\\\/image\\\/\",\"url\":\"https:\\\/\\\/geometriasjurid.webs.upv.es\\\/wp-content\\\/uploads\\\/2020\\\/07\\\/cropped-Logo-Favicon-1.jpg\",\"contentUrl\":\"https:\\\/\\\/geometriasjurid.webs.upv.es\\\/wp-content\\\/uploads\\\/2020\\\/07\\\/cropped-Logo-Favicon-1.jpg\",\"width\":240,\"height\":153,\"caption\":\"M\u00e1ster en Geometr\u00edas Jur\u00eddicas\"},\"image\":{\"@id\":\"https:\\\/\\\/geometriasjurid.webs.upv.es\\\/#\\\/schema\\\/logo\\\/image\\\/\"}}]}<\/script>\n<!-- \/ Yoast SEO plugin. -->","yoast_head_json":{"title":"Matr\u00edcula - M\u00e1ster en Geometr\u00edas Jur\u00eddicas","description":"Enlaces para la matr\u00edcula en el Plan de Estudios Coordinado de Geometr\u00edas Jur\u00eddicas. Enlaces a todos los elementos del Plan de Estudios Coordinado.","robots":{"index":"index","follow":"follow","max-snippet":"max-snippet:-1","max-image-preview":"max-image-preview:large","max-video-preview":"max-video-preview:-1"},"canonical":"https:\/\/geometriasjurid.webs.upv.es\/index.php\/enlaces-para-la-matricula\/","og_locale":"es_ES","og_type":"article","og_title":"Matr\u00edcula - M\u00e1ster en Geometr\u00edas Jur\u00eddicas","og_description":"Enlaces para la matr\u00edcula en el Plan de Estudios Coordinado de Geometr\u00edas Jur\u00eddicas. Enlaces a todos los elementos del Plan de Estudios Coordinado.","og_url":"https:\/\/geometriasjurid.webs.upv.es\/index.php\/enlaces-para-la-matricula\/","og_site_name":"M\u00e1ster en Geometr\u00edas Jur\u00eddicas","article_modified_time":"2022-07-12T09:32:21+00:00","twitter_card":"summary_large_image","twitter_misc":{"Tiempo de lectura":"1 minuto"},"schema":{"@context":"https:\/\/schema.org","@graph":[{"@type":"WebPage","@id":"https:\/\/geometriasjurid.webs.upv.es\/index.php\/enlaces-para-la-matricula\/","url":"https:\/\/geometriasjurid.webs.upv.es\/index.php\/enlaces-para-la-matricula\/","name":"Matr\u00edcula - M\u00e1ster en Geometr\u00edas Jur\u00eddicas","isPartOf":{"@id":"https:\/\/geometriasjurid.webs.upv.es\/#website"},"datePublished":"2020-07-03T10:10:47+00:00","dateModified":"2022-07-12T09:32:21+00:00","description":"Enlaces para la matr\u00edcula en el Plan de Estudios Coordinado de Geometr\u00edas Jur\u00eddicas. Enlaces a todos los elementos del Plan de Estudios Coordinado.","breadcrumb":{"@id":"https:\/\/geometriasjurid.webs.upv.es\/index.php\/enlaces-para-la-matricula\/#breadcrumb"},"inLanguage":"es","potentialAction":[{"@type":"ReadAction","target":["https:\/\/geometriasjurid.webs.upv.es\/index.php\/enlaces-para-la-matricula\/"]}]},{"@type":"BreadcrumbList","@id":"https:\/\/geometriasjurid.webs.upv.es\/index.php\/enlaces-para-la-matricula\/#breadcrumb","itemListElement":[{"@type":"ListItem","position":1,"name":"Home","item":"https:\/\/geometriasjurid.webs.upv.es\/"},{"@type":"ListItem","position":2,"name":"Matr\u00edcula"}]},{"@type":"WebSite","@id":"https:\/\/geometriasjurid.webs.upv.es\/#website","url":"https:\/\/geometriasjurid.webs.upv.es\/","name":"M\u00e1ster en Geometr\u00edas Jur\u00eddicas","description":"Delimitaci\u00f3n precisa de la propiedad inmobiliaria","publisher":{"@id":"https:\/\/geometriasjurid.webs.upv.es\/#organization"},"potentialAction":[{"@type":"SearchAction","target":{"@type":"EntryPoint","urlTemplate":"https:\/\/geometriasjurid.webs.upv.es\/?s={search_term_string}"},"query-input":{"@type":"PropertyValueSpecification","valueRequired":true,"valueName":"search_term_string"}}],"inLanguage":"es"},{"@type":"Organization","@id":"https:\/\/geometriasjurid.webs.upv.es\/#organization","name":"M\u00e1ster en Geometr\u00edas Jur\u00eddicas","url":"https:\/\/geometriasjurid.webs.upv.es\/","logo":{"@type":"ImageObject","inLanguage":"es","@id":"https:\/\/geometriasjurid.webs.upv.es\/#\/schema\/logo\/image\/","url":"https:\/\/geometriasjurid.webs.upv.es\/wp-content\/uploads\/2020\/07\/cropped-Logo-Favicon-1.jpg","contentUrl":"https:\/\/geometriasjurid.webs.upv.es\/wp-content\/uploads\/2020\/07\/cropped-Logo-Favicon-1.jpg","width":240,"height":153,"caption":"M\u00e1ster en Geometr\u00edas Jur\u00eddicas"},"image":{"@id":"https:\/\/geometriasjurid.webs.upv.es\/#\/schema\/logo\/image\/"}}]}},"_links":{"self":[{"href":"https:\/\/geometriasjurid.webs.upv.es\/index.php\/wp-json\/wp\/v2\/pages\/31","targetHints":{"allow":["GET"]}}],"collection":[{"href":"https:\/\/geometriasjurid.webs.upv.es\/index.php\/wp-json\/wp\/v2\/pages"}],"about":[{"href":"https:\/\/geometriasjurid.webs.upv.es\/index.php\/wp-json\/wp\/v2\/types\/page"}],"author":[{"embeddable":true,"href":"https:\/\/geometriasjurid.webs.upv.es\/index.php\/wp-json\/wp\/v2\/users\/1"}],"replies":[{"embeddable":true,"href":"https:\/\/geometriasjurid.webs.upv.es\/index.php\/wp-json\/wp\/v2\/comments?post=31"}],"version-history":[{"count":31,"href":"https:\/\/geometriasjurid.webs.upv.es\/index.php\/wp-json\/wp\/v2\/pages\/31\/revisions"}],"predecessor-version":[{"id":654,"href":"https:\/\/geometriasjurid.webs.upv.es\/index.php\/wp-json\/wp\/v2\/pages\/31\/revisions\/654"}],"wp:attachment":[{"href":"https:\/\/geometriasjurid.webs.upv.es\/index.php\/wp-json\/wp\/v2\/media?parent=31"}],"curies":[{"name":"wp","href":"https:\/\/api.w.org\/{rel}","templated":true}]}}